{"id":848,"date":"2025-06-19T14:06:14","date_gmt":"2025-06-19T12:06:14","guid":{"rendered":"https:\/\/raulmorenoyague.com\/?page_id=848"},"modified":"2025-06-19T14:13:05","modified_gmt":"2025-06-19T12:13:05","slug":"grants-partnerships","status":"publish","type":"page","link":"https:\/\/raulmorenoyague.com\/es\/grants-partnerships\/","title":{"rendered":"Colaboradores"},"content":{"rendered":"<div class=\"nfd-container nfd-my-0 nfd-p-0 nfd-bg-gray-800 wp-block-group alignfull has-nv-text-dark-bg-color has-text-color has-background\" id=\"intro\" style=\"background-color:#193319\"><div class=\"wp-block-group__inner-container is-layout-flow wp-block-group-is-layout-flow\">\n<div class=\"nfd-my-0 nfd-p-lg ticss-1f8641d3 wp-block-group alignwide is-nowrap is-layout-flex wp-container-core-group-is-layout-272dff5d wp-block-group-is-layout-flex\">\n<div class=\"wp-block-group nfd-wb-animate nfd-wb-fade-in-bottom\"><div class=\"wp-block-group__inner-container is-layout-constrained wp-block-group-is-layout-constrained\">\n<h1 class=\"nfd-text-giga nfd-text-current md:nfd-no-br wp-block-heading has-text-align-center has-neve-link-color-color has-text-color has-link-color wp-elements-f82a528cad91481a376ae45a2cd0167c\">Colaboradores<\/h1>\n<\/div><\/div>\n<\/div>\n\n\n<div class=\"wp-block-image\">\n<figure class=\"aligncenter size-large is-resized has-custom-border nfd-wb-animate nfd-wb-reveal-right nfd-delay-450\"><img data-recalc-dims=\"1\" decoding=\"async\" width=\"1024\" height=\"789\" loading=\"lazy\" src=\"https:\/\/i0.wp.com\/raulmorenoyague.com\/wp-content\/uploads\/2024\/01\/Sunset.jpg?resize=1024%2C789&#038;ssl=1\" alt=\"\" class=\"wp-image-88\" style=\"border-radius:4px;aspect-ratio:16\/9;object-fit:cover;width:1200px;height:undefinedpx\" srcset=\"https:\/\/i0.wp.com\/raulmorenoyague.com\/wp-content\/uploads\/2024\/01\/Sunset-scaled.jpg?resize=1024%2C789&amp;ssl=1 1024w, https:\/\/i0.wp.com\/raulmorenoyague.com\/wp-content\/uploads\/2024\/01\/Sunset-scaled.jpg?resize=300%2C231&amp;ssl=1 300w, https:\/\/i0.wp.com\/raulmorenoyague.com\/wp-content\/uploads\/2024\/01\/Sunset-scaled.jpg?resize=768%2C592&amp;ssl=1 768w, https:\/\/i0.wp.com\/raulmorenoyague.com\/wp-content\/uploads\/2024\/01\/Sunset-scaled.jpg?resize=1536%2C1184&amp;ssl=1 1536w, https:\/\/i0.wp.com\/raulmorenoyague.com\/wp-content\/uploads\/2024\/01\/Sunset-scaled.jpg?resize=2048%2C1579&amp;ssl=1 2048w, https:\/\/i0.wp.com\/raulmorenoyague.com\/wp-content\/uploads\/2024\/01\/Sunset-scaled.jpg?w=2400&amp;ssl=1 2400w\" sizes=\"auto, (max-width: 1024px) 100vw, 1024px\" \/><\/figure>\n<\/div><\/div><\/div>\n\n\n\n<div class=\"nfd-container nfd-my-0 nfd-px-md nfd-py-lg nfd-bg-gray-100 wp-block-group alignfull has-black-color has-white-background-color has-text-color has-background\" id=\"features\"><div class=\"wp-block-group__inner-container is-layout-flow wp-block-group-is-layout-flow\">\n<div class=\"md:nfd-gap-8 nfd-text-base wp-block-columns are-vertically-aligned-top nfd-wb-animate nfd-wb-fade-in-bottom is-layout-flex wp-container-core-columns-is-layout-4bfea225 wp-block-columns-is-layout-flex\">\n<div class=\"md:nfd-order-2 wp-block-column is-vertically-aligned-top is-layout-flow wp-block-column-is-layout-flow\" style=\"flex-basis:50%\">\n<div class=\"wp-block-group\"><div class=\"wp-block-group__inner-container is-layout-constrained wp-block-group-is-layout-constrained\">\n<div class=\"nfd-text-md nfd-text-opacity-80 wp-block-group\" style=\"padding-bottom:8px\"><div class=\"wp-block-group__inner-container is-layout-constrained wp-block-group-is-layout-constrained\">\n<p class=\"\">As winegrowers and wine producers, we&#8217;re blending centuries-old traditions with cutting-edge technology to enhance our vineyards and wines. Our journey towards digital viticulture and precision agriculture has been strengthened by the support of institutions that recognize the importance of innovation in the wine sector. Their backing helps us provide better consulting services to our clients and craft exceptional wines through data-driven decision making. <\/p>\n\n\n\n<h3 class=\"wp-block-heading\">StartUp Program &#8211; Seed Capital<\/h3>\n\n\n\n<p class=\"\"><strong>Diputaci\u00f3n Provincial de C\u00e1diz y C\u00e1maras de Comercio<\/strong><\/p>\n\n\n\n<p class=\"\">White Start Line S. L. U. ha sido beneficiaria del Programa StartUp &#8211; Capital Semilla, financiado al 100% por el \u00c1rea de Planificaci\u00f3n, Coordinaci\u00f3n y Desarrollo Estrat\u00e9gico de la Excma. Diputaci\u00f3n Provincial de C\u00e1diz en el marco de DipuInnova+ 2024 y ejecutado por las C\u00e1maras de Comercio de la Provincia de C\u00e1diz, cuyo objetivo es impulsar la innovaci\u00f3n y la transformaci\u00f3n digital del tejido productivo de la provincia apoyando la puesta en marcha de proyectos empresariales novedosos y generadores de empleo, fomentando una diversificaci\u00f3n sectorial y mejorando el nivel tecnol\u00f3gico y el grado de madurez digital.<\/p>\n\n\n\n<figure class=\"wp-block-image size-large\"><img data-recalc-dims=\"1\" decoding=\"async\" width=\"1024\" height=\"56\" loading=\"lazy\" src=\"https:\/\/i0.wp.com\/raulmorenoyague.com\/wp-content\/uploads\/2025\/06\/SCS-A4.png?resize=1024%2C56&#038;ssl=1\" alt=\"Logo de Camara de Cadiz\" class=\"wp-image-844\" srcset=\"https:\/\/i0.wp.com\/raulmorenoyague.com\/wp-content\/uploads\/2025\/06\/SCS-A4-scaled.png?resize=1024%2C56&amp;ssl=1 1024w, https:\/\/i0.wp.com\/raulmorenoyague.com\/wp-content\/uploads\/2025\/06\/SCS-A4-scaled.png?resize=300%2C16&amp;ssl=1 300w, https:\/\/i0.wp.com\/raulmorenoyague.com\/wp-content\/uploads\/2025\/06\/SCS-A4-scaled.png?resize=768%2C42&amp;ssl=1 768w, https:\/\/i0.wp.com\/raulmorenoyague.com\/wp-content\/uploads\/2025\/06\/SCS-A4-scaled.png?resize=1536%2C84&amp;ssl=1 1536w, https:\/\/i0.wp.com\/raulmorenoyague.com\/wp-content\/uploads\/2025\/06\/SCS-A4-scaled.png?resize=2048%2C112&amp;ssl=1 2048w, https:\/\/i0.wp.com\/raulmorenoyague.com\/wp-content\/uploads\/2025\/06\/SCS-A4-scaled.png?resize=18%2C1&amp;ssl=1 18w, https:\/\/i0.wp.com\/raulmorenoyague.com\/wp-content\/uploads\/2025\/06\/SCS-A4-scaled.png?w=2400&amp;ssl=1 2400w\" sizes=\"auto, (max-width: 1024px) 100vw, 1024px\" \/><\/figure>\n\n\n\n<p class=\"\"><\/p>\n\n\n\n<h3 class=\"wp-block-heading\">Programa EuroHPC AI Facgtory Playground<\/h3>\n\n\n\n<p class=\"\"><strong>EuroHPC Joint Undertaking &#8211; European Union<\/strong><\/p>\n\n\n\n<p class=\"\">We have been awarded computing resources on the MareNostrum 5&nbsp;supercomputer through the EuroHPC Joint Undertaking&#8217;s &#8220;AI Factory Playground&#8221; call. This access allows us to accelerate our research and development using state-of-the-art European infrastructure.<\/p>\n\n\n\n<p class=\"\">Financiado por la Uni\u00f3n Europea. Las opiniones y puntos de vista expresados son, sin embargo, responsabilidad exclusiva del\/de los autor(es) y no reflejan necesariamente los de la Uni\u00f3n Europea ni los de la EuroHPC JU. Ni la Uni\u00f3n Europea ni la autoridad concedente se responsabilizan de ellos.<\/p>\n\n\n\n<figure class=\"wp-block-image size-full is-resized\"><img decoding=\"async\" width=\"1600\" height=\"696\" loading=\"lazy\" src=\"https:\/\/i0.wp.com\/raulmorenoyague.com\/wp-content\/uploads\/2025\/06\/EuroHPC-JU-final-logo-MONOCHROME-300dpi-PNG.png?fit=1600%2C696&amp;ssl=1\" alt=\"\" class=\"wp-image-850\" style=\"width:398px;height:auto\" srcset=\"https:\/\/i0.wp.com\/raulmorenoyague.com\/wp-content\/uploads\/2025\/06\/EuroHPC-JU-final-logo-MONOCHROME-300dpi-PNG.png?w=1600&amp;ssl=1 1600w, https:\/\/i0.wp.com\/raulmorenoyague.com\/wp-content\/uploads\/2025\/06\/EuroHPC-JU-final-logo-MONOCHROME-300dpi-PNG.png?resize=300%2C131&amp;ssl=1 300w, https:\/\/i0.wp.com\/raulmorenoyague.com\/wp-content\/uploads\/2025\/06\/EuroHPC-JU-final-logo-MONOCHROME-300dpi-PNG.png?resize=1024%2C445&amp;ssl=1 1024w, https:\/\/i0.wp.com\/raulmorenoyague.com\/wp-content\/uploads\/2025\/06\/EuroHPC-JU-final-logo-MONOCHROME-300dpi-PNG.png?resize=768%2C334&amp;ssl=1 768w, https:\/\/i0.wp.com\/raulmorenoyague.com\/wp-content\/uploads\/2025\/06\/EuroHPC-JU-final-logo-MONOCHROME-300dpi-PNG.png?resize=1536%2C668&amp;ssl=1 1536w, https:\/\/i0.wp.com\/raulmorenoyague.com\/wp-content\/uploads\/2025\/06\/EuroHPC-JU-final-logo-MONOCHROME-300dpi-PNG.png?resize=18%2C8&amp;ssl=1 18w\" sizes=\"auto, (max-width: 1200px) 100vw, 1200px\" \/><\/figure>\n<\/div><\/div>\n<\/div><\/div>\n<\/div>\n\n\n\n<div class=\"md:nfd-order-2 wp-block-column is-vertically-aligned-top nfd-wb-animate nfd-wb-fade-in-bottom nfd-delay-300 is-layout-flow wp-block-column-is-layout-flow\" style=\"flex-basis:50%\">\n<div class=\"wp-block-group\"><div class=\"wp-block-group__inner-container is-layout-constrained wp-block-group-is-layout-constrained\">\n<div style=\"height:24px\" aria-hidden=\"true\" class=\"md:nfd-hidden wp-block-spacer\"><\/div>\n\n\n\n<h2 class=\"wp-block-heading nfd-text-huge nfd-text-current\"><\/h2>\n\n\n\n<div class=\"nfd-text-md nfd-text-opacity-80 wp-block-group\" style=\"padding-bottom:8px\"><div class=\"wp-block-group__inner-container is-layout-constrained wp-block-group-is-layout-constrained\">\n<p class=\"\"><\/p>\n<\/div><\/div>\n<\/div><\/div>\n<\/div>\n<\/div>\n<\/div><\/div>","protected":false},"excerpt":{"rendered":"<p>Acknowledgements As winegrowers and wine producers, we&#8217;re blending centuries-old traditions with cutting-edge technology to enhance our vineyards and wines. Our journey towards digital viticulture and precision agriculture has been strengthened by the support of institutions that recognize the importance of innovation in the wine sector. Their backing helps us provide better consulting services to our&hellip;&nbsp;<a href=\"https:\/\/raulmorenoyague.com\/es\/grants-partnerships\/\" rel=\"bookmark\">Leer m\u00e1s \u00bb<span class=\"screen-reader-text\">Colaboradores<\/span><\/a><\/p>","protected":false},"author":1,"featured_media":0,"parent":0,"menu_order":0,"comment_status":"closed","ping_status":"closed","template":"","meta":{"nf_dc_page":"","om_disable_all_campaigns":false,"neve_meta_sidebar":"","neve_meta_container":"","neve_meta_enable_content_width":"","neve_meta_content_width":0,"neve_meta_title_alignment":"","neve_meta_author_avatar":"","neve_post_elements_order":"","neve_meta_disable_header":"","neve_meta_disable_footer":"","neve_meta_disable_title":"","footnotes":""},"class_list":["post-848","page","type-page","status-publish","hentry"],"yoast_head":"<!-- This site is optimized with the Yoast SEO plugin v27.4 - https:\/\/yoast.com\/product\/yoast-seo-wordpress\/ -->\n<title>Grants &amp; Partnerships - Raul Moreno Wines<\/title>\n<meta name=\"robots\" content=\"index, follow, max-snippet:-1, max-image-preview:large, max-video-preview:-1\" \/>\n<link rel=\"canonical\" href=\"https:\/\/raulmorenoyague.com\/es\/grants-partnerships\/\" \/>\n<meta property=\"og:locale\" content=\"es_ES\" \/>\n<meta property=\"og:type\" content=\"article\" \/>\n<meta property=\"og:title\" content=\"Grants &amp; Partnerships - Raul Moreno Wines\" \/>\n<meta property=\"og:description\" content=\"Acknowledgements As winegrowers and wine producers, we&#8217;re blending centuries-old traditions with cutting-edge technology to enhance our vineyards and wines. Our journey towards digital viticulture and precision agriculture has been strengthened by the support of institutions that recognize the importance of innovation in the wine sector. Their backing helps us provide better consulting services to our&hellip;&nbsp;Leer m\u00e1s &raquo;Grants &amp; Partnerships\" \/>\n<meta property=\"og:url\" content=\"https:\/\/raulmorenoyague.com\/es\/grants-partnerships\/\" \/>\n<meta property=\"og:site_name\" content=\"Raul Moreno Wines\" \/>\n<meta property=\"article:modified_time\" content=\"2025-06-19T12:13:05+00:00\" \/>\n<meta property=\"og:image\" content=\"https:\/\/raulmorenoyague.com\/wp-content\/uploads\/2024\/01\/Sunset-1024x789.jpg\" \/>\n<meta name=\"twitter:card\" content=\"summary_large_image\" \/>\n<meta name=\"twitter:label1\" content=\"Tiempo de lectura\" \/>\n\t<meta name=\"twitter:data1\" content=\"2 minutos\" \/>\n<script type=\"application\/ld+json\" class=\"yoast-schema-graph\">{\"@context\":\"https:\\\/\\\/schema.org\",\"@graph\":[{\"@type\":\"WebPage\",\"@id\":\"https:\\\/\\\/raulmorenoyague.com\\\/grants-partnerships\\\/\",\"url\":\"https:\\\/\\\/raulmorenoyague.com\\\/grants-partnerships\\\/\",\"name\":\"Grants &amp; Partnerships - Raul Moreno Wines\",\"isPartOf\":{\"@id\":\"https:\\\/\\\/raulmorenoyague.com\\\/#website\"},\"primaryImageOfPage\":{\"@id\":\"https:\\\/\\\/raulmorenoyague.com\\\/grants-partnerships\\\/#primaryimage\"},\"image\":{\"@id\":\"https:\\\/\\\/raulmorenoyague.com\\\/grants-partnerships\\\/#primaryimage\"},\"thumbnailUrl\":\"https:\\\/\\\/raulmorenoyague.com\\\/wp-content\\\/uploads\\\/2024\\\/01\\\/Sunset-1024x789.jpg\",\"datePublished\":\"2025-06-19T12:06:14+00:00\",\"dateModified\":\"2025-06-19T12:13:05+00:00\",\"breadcrumb\":{\"@id\":\"https:\\\/\\\/raulmorenoyague.com\\\/grants-partnerships\\\/#breadcrumb\"},\"inLanguage\":\"es\",\"potentialAction\":[{\"@type\":\"ReadAction\",\"target\":[\"https:\\\/\\\/raulmorenoyague.com\\\/grants-partnerships\\\/\"]}]},{\"@type\":\"ImageObject\",\"inLanguage\":\"es\",\"@id\":\"https:\\\/\\\/raulmorenoyague.com\\\/grants-partnerships\\\/#primaryimage\",\"url\":\"https:\\\/\\\/raulmorenoyague.com\\\/wp-content\\\/uploads\\\/2024\\\/01\\\/Sunset-1024x789.jpg\",\"contentUrl\":\"https:\\\/\\\/raulmorenoyague.com\\\/wp-content\\\/uploads\\\/2024\\\/01\\\/Sunset-1024x789.jpg\"},{\"@type\":\"BreadcrumbList\",\"@id\":\"https:\\\/\\\/raulmorenoyague.com\\\/grants-partnerships\\\/#breadcrumb\",\"itemListElement\":[{\"@type\":\"ListItem\",\"position\":1,\"name\":\"Home\",\"item\":\"https:\\\/\\\/raulmorenoyague.com\\\/\"},{\"@type\":\"ListItem\",\"position\":2,\"name\":\"Grants &amp; Partnerships\"}]},{\"@type\":\"WebSite\",\"@id\":\"https:\\\/\\\/raulmorenoyague.com\\\/#website\",\"url\":\"https:\\\/\\\/raulmorenoyague.com\\\/\",\"name\":\"Raul Moreno Wines\",\"description\":\"Vinos Audaces. Andalucia\",\"publisher\":{\"@id\":\"https:\\\/\\\/raulmorenoyague.com\\\/#organization\"},\"potentialAction\":[{\"@type\":\"SearchAction\",\"target\":{\"@type\":\"EntryPoint\",\"urlTemplate\":\"https:\\\/\\\/raulmorenoyague.com\\\/?s={search_term_string}\"},\"query-input\":{\"@type\":\"PropertyValueSpecification\",\"valueRequired\":true,\"valueName\":\"search_term_string\"}}],\"inLanguage\":\"es\"},{\"@type\":\"Organization\",\"@id\":\"https:\\\/\\\/raulmorenoyague.com\\\/#organization\",\"name\":\"Raul Moreno Wines\",\"url\":\"https:\\\/\\\/raulmorenoyague.com\\\/\",\"logo\":{\"@type\":\"ImageObject\",\"inLanguage\":\"es\",\"@id\":\"https:\\\/\\\/raulmorenoyague.com\\\/#\\\/schema\\\/logo\\\/image\\\/\",\"url\":\"\",\"contentUrl\":\"\",\"caption\":\"Raul Moreno Wines\"},\"image\":{\"@id\":\"https:\\\/\\\/raulmorenoyague.com\\\/#\\\/schema\\\/logo\\\/image\\\/\"}}]}<\/script>\n<!-- \/ Yoast SEO plugin. -->","yoast_head_json":{"title":"Subvenciones y colaboraciones - Raul Moreno Wines","robots":{"index":"index","follow":"follow","max-snippet":"max-snippet:-1","max-image-preview":"max-image-preview:large","max-video-preview":"max-video-preview:-1"},"canonical":"https:\/\/raulmorenoyague.com\/es\/grants-partnerships\/","og_locale":"es_ES","og_type":"article","og_title":"Grants &amp; Partnerships - Raul Moreno Wines","og_description":"Acknowledgements As winegrowers and wine producers, we&#8217;re blending centuries-old traditions with cutting-edge technology to enhance our vineyards and wines. Our journey towards digital viticulture and precision agriculture has been strengthened by the support of institutions that recognize the importance of innovation in the wine sector. Their backing helps us provide better consulting services to our&hellip;&nbsp;Leer m\u00e1s &raquo;Grants &amp; Partnerships","og_url":"https:\/\/raulmorenoyague.com\/es\/grants-partnerships\/","og_site_name":"Raul Moreno Wines","article_modified_time":"2025-06-19T12:13:05+00:00","og_image":[{"url":"https:\/\/raulmorenoyague.com\/wp-content\/uploads\/2024\/01\/Sunset-1024x789.jpg","type":"","width":"","height":""}],"twitter_card":"summary_large_image","twitter_misc":{"Tiempo de lectura":"2 minutos"},"schema":{"@context":"https:\/\/schema.org","@graph":[{"@type":"WebPage","@id":"https:\/\/raulmorenoyague.com\/grants-partnerships\/","url":"https:\/\/raulmorenoyague.com\/grants-partnerships\/","name":"Subvenciones y colaboraciones - Raul Moreno Wines","isPartOf":{"@id":"https:\/\/raulmorenoyague.com\/#website"},"primaryImageOfPage":{"@id":"https:\/\/raulmorenoyague.com\/grants-partnerships\/#primaryimage"},"image":{"@id":"https:\/\/raulmorenoyague.com\/grants-partnerships\/#primaryimage"},"thumbnailUrl":"https:\/\/raulmorenoyague.com\/wp-content\/uploads\/2024\/01\/Sunset-1024x789.jpg","datePublished":"2025-06-19T12:06:14+00:00","dateModified":"2025-06-19T12:13:05+00:00","breadcrumb":{"@id":"https:\/\/raulmorenoyague.com\/grants-partnerships\/#breadcrumb"},"inLanguage":"es","potentialAction":[{"@type":"ReadAction","target":["https:\/\/raulmorenoyague.com\/grants-partnerships\/"]}]},{"@type":"ImageObject","inLanguage":"es","@id":"https:\/\/raulmorenoyague.com\/grants-partnerships\/#primaryimage","url":"https:\/\/raulmorenoyague.com\/wp-content\/uploads\/2024\/01\/Sunset-1024x789.jpg","contentUrl":"https:\/\/raulmorenoyague.com\/wp-content\/uploads\/2024\/01\/Sunset-1024x789.jpg"},{"@type":"BreadcrumbList","@id":"https:\/\/raulmorenoyague.com\/grants-partnerships\/#breadcrumb","itemListElement":[{"@type":"ListItem","position":1,"name":"Home","item":"https:\/\/raulmorenoyague.com\/"},{"@type":"ListItem","position":2,"name":"Grants &amp; Partnerships"}]},{"@type":"WebSite","@id":"https:\/\/raulmorenoyague.com\/#website","url":"https:\/\/raulmorenoyague.com\/","name":"Vinos Ra\u00fal Moreno","description":"Vinos Audaces. Andaluc\u00eda","publisher":{"@id":"https:\/\/raulmorenoyague.com\/#organization"},"potentialAction":[{"@type":"SearchAction","target":{"@type":"EntryPoint","urlTemplate":"https:\/\/raulmorenoyague.com\/?s={search_term_string}"},"query-input":{"@type":"PropertyValueSpecification","valueRequired":true,"valueName":"search_term_string"}}],"inLanguage":"es"},{"@type":"Organization","@id":"https:\/\/raulmorenoyague.com\/#organization","name":"Vinos Ra\u00fal Moreno","url":"https:\/\/raulmorenoyague.com\/","logo":{"@type":"ImageObject","inLanguage":"es","@id":"https:\/\/raulmorenoyague.com\/#\/schema\/logo\/image\/","url":"","contentUrl":"","caption":"Raul Moreno Wines"},"image":{"@id":"https:\/\/raulmorenoyague.com\/#\/schema\/logo\/image\/"}}]}},"jetpack_sharing_enabled":true,"_links":{"self":[{"href":"https:\/\/raulmorenoyague.com\/es\/wp-json\/wp\/v2\/pages\/848","targetHints":{"allow":["GET"]}}],"collection":[{"href":"https:\/\/raulmorenoyague.com\/es\/wp-json\/wp\/v2\/pages"}],"about":[{"href":"https:\/\/raulmorenoyague.com\/es\/wp-json\/wp\/v2\/types\/page"}],"author":[{"embeddable":true,"href":"https:\/\/raulmorenoyague.com\/es\/wp-json\/wp\/v2\/users\/1"}],"replies":[{"embeddable":true,"href":"https:\/\/raulmorenoyague.com\/es\/wp-json\/wp\/v2\/comments?post=848"}],"version-history":[{"count":2,"href":"https:\/\/raulmorenoyague.com\/es\/wp-json\/wp\/v2\/pages\/848\/revisions"}],"predecessor-version":[{"id":852,"href":"https:\/\/raulmorenoyague.com\/es\/wp-json\/wp\/v2\/pages\/848\/revisions\/852"}],"wp:attachment":[{"href":"https:\/\/raulmorenoyague.com\/es\/wp-json\/wp\/v2\/media?parent=848"}],"curies":[{"name":"gracias","href":"https:\/\/api.w.org\/{rel}","templated":true}]}}