{"id":520,"date":"2024-07-30T01:27:41","date_gmt":"2024-07-29T23:27:41","guid":{"rendered":"https:\/\/raulmorenoyague.com\/?page_id=520"},"modified":"2024-07-30T01:27:47","modified_gmt":"2024-07-29T23:27:47","slug":"our-wines","status":"publish","type":"page","link":"https:\/\/raulmorenoyague.com\/es\/our-wines\/","title":{"rendered":"Nuestros vinos"},"content":{"rendered":"<div class=\"nfd-container nfd-my-0 nfd-p-0 nfd-bg-gray-800 wp-block-group alignfull has-nv-dark-bg-color has-text-color has-background nfd-bg-surface nfd-theme-white\" id=\"intro\" style=\"background-color:#ffffff\"><div class=\"wp-block-group__inner-container is-layout-flow wp-block-group-is-layout-flow\">\n<div class=\"nfd-my-0 nfd-p-lg wp-block-group alignwide has-nv-dark-bg-color has-text-color has-background has-link-color nfd-bg-surface nfd-theme-white wp-elements-a15bebf7369b58067cd5be1e59ec6602\" style=\"background-color:#ffffff\"><div class=\"wp-block-group__inner-container is-layout-flow wp-block-group-is-layout-flow\">\n<div class=\"wp-block-group nfd-wb-animate nfd-wb-fade-in-bottom\"><div class=\"wp-block-group__inner-container is-layout-constrained wp-block-group-is-layout-constrained\">\n<h1 class=\"nfd-text-giga nfd-text-current md:nfd-no-br wp-block-heading has-text-align-center has-nv-dark-bg-color has-text-color has-link-color wp-elements-9e5c53c37538d7ab8b5252ff8b0d2d34\">Nuestros vinos<\/h1>\n<\/div><\/div>\n<\/div><\/div>\n\n\n\n<div class=\"wp-block-columns are-vertically-aligned-top has-nv-dark-bg-color has-text-color has-background has-link-color wp-elements-d48f525c28378b04a9171368829d3f2d is-layout-flex wp-container-core-columns-is-layout-9d6595d7 wp-block-columns-is-layout-flex\" style=\"background-color:#ffffff\">\n<div class=\"wp-block-column is-vertically-aligned-top is-layout-flow wp-block-column-is-layout-flow\" style=\"border-style:none;border-width:0px;padding-right:0;padding-left:0;flex-basis:200px\"><div class=\"wp-block-image is-style-default\">\n<figure class=\"aligncenter size-large is-resized\"><a href=\"https:\/\/raulmorenoyague.com\/wp-content\/uploads\/2024\/07\/2023_Alba_y_Barro.pdf\" target=\"_blank\" rel=\"noreferrer noopener\"><img data-recalc-dims=\"1\" decoding=\"async\" width=\"363\" height=\"1024\" loading=\"lazy\" src=\"https:\/\/i0.wp.com\/raulmorenoyague.com\/wp-content\/uploads\/2024\/07\/Alba_y_barro-1.jpg?resize=363%2C1024&#038;ssl=1\" alt=\"\" class=\"wp-image-508\" style=\"width:130px\" srcset=\"https:\/\/i0.wp.com\/raulmorenoyague.com\/wp-content\/uploads\/2024\/07\/Alba_y_barro-1.jpg?resize=363%2C1024&amp;ssl=1 363w, https:\/\/i0.wp.com\/raulmorenoyague.com\/wp-content\/uploads\/2024\/07\/Alba_y_barro-1.jpg?resize=106%2C300&amp;ssl=1 106w, https:\/\/i0.wp.com\/raulmorenoyague.com\/wp-content\/uploads\/2024\/07\/Alba_y_barro-1.jpg?resize=4%2C12&amp;ssl=1 4w, https:\/\/i0.wp.com\/raulmorenoyague.com\/wp-content\/uploads\/2024\/07\/Alba_y_barro-1.jpg?w=479&amp;ssl=1 479w\" sizes=\"auto, (max-width: 363px) 100vw, 363px\" \/><\/a><\/figure>\n<\/div>\n\n\n<h3 class=\"wp-block-heading has-text-align-center has-neve-text-color-color has-text-color\">2023 Alba y Barro<\/h3>\n\n\n\n<p class=\"has-text-align-center has-neve-text-color-color has-text-color\">Beba, Alarije y Palomino<\/p>\n<\/div>\n\n\n\n<div class=\"wp-block-column is-vertically-aligned-top is-layout-flow wp-block-column-is-layout-flow\" style=\"flex-basis:200px\"><div class=\"wp-block-image is-style-default\">\n<figure class=\"aligncenter size-large is-resized\"><a href=\"https:\/\/raulmorenoyague.com\/wp-content\/uploads\/2024\/07\/2023_Destellos.pdf\"><img data-recalc-dims=\"1\" decoding=\"async\" width=\"360\" height=\"1024\" loading=\"lazy\" src=\"https:\/\/i0.wp.com\/raulmorenoyague.com\/wp-content\/uploads\/2024\/07\/Destellos.jpg?resize=360%2C1024&#038;ssl=1\" alt=\"\" class=\"wp-image-507\" style=\"width:130px\" srcset=\"https:\/\/i0.wp.com\/raulmorenoyague.com\/wp-content\/uploads\/2024\/07\/Destellos.jpg?resize=360%2C1024&amp;ssl=1 360w, https:\/\/i0.wp.com\/raulmorenoyague.com\/wp-content\/uploads\/2024\/07\/Destellos.jpg?resize=105%2C300&amp;ssl=1 105w, https:\/\/i0.wp.com\/raulmorenoyague.com\/wp-content\/uploads\/2024\/07\/Destellos.jpg?resize=4%2C12&amp;ssl=1 4w, https:\/\/i0.wp.com\/raulmorenoyague.com\/wp-content\/uploads\/2024\/07\/Destellos.jpg?w=495&amp;ssl=1 495w\" sizes=\"auto, (max-width: 360px) 100vw, 360px\" \/><\/a><\/figure>\n<\/div>\n\n\n<h3 class=\"wp-block-heading has-text-align-center has-neve-text-color-color has-text-color\">2023 Destellos<\/h3>\n\n\n\n<p class=\"has-text-align-center has-neve-text-color-color has-text-color\">Palomino y Arinto<\/p>\n<\/div>\n\n\n\n<div class=\"wp-block-column is-vertically-aligned-top is-layout-flow wp-block-column-is-layout-flow\" style=\"flex-basis:200px\"><div class=\"wp-block-image is-style-default\">\n<figure class=\"aligncenter size-large is-resized\"><a href=\"https:\/\/raulmorenoyague.com\/wp-content\/uploads\/2024\/07\/2022_El_Dia.pdf\"><img data-recalc-dims=\"1\" decoding=\"async\" width=\"361\" height=\"1024\" loading=\"lazy\" src=\"https:\/\/i0.wp.com\/raulmorenoyague.com\/wp-content\/uploads\/2024\/07\/El_dia.jpg?resize=361%2C1024&#038;ssl=1\" alt=\"\" class=\"wp-image-506\" style=\"width:130px\" srcset=\"https:\/\/i0.wp.com\/raulmorenoyague.com\/wp-content\/uploads\/2024\/07\/El_dia.jpg?resize=361%2C1024&amp;ssl=1 361w, https:\/\/i0.wp.com\/raulmorenoyague.com\/wp-content\/uploads\/2024\/07\/El_dia.jpg?resize=106%2C300&amp;ssl=1 106w, https:\/\/i0.wp.com\/raulmorenoyague.com\/wp-content\/uploads\/2024\/07\/El_dia.jpg?resize=541%2C1536&amp;ssl=1 541w, https:\/\/i0.wp.com\/raulmorenoyague.com\/wp-content\/uploads\/2024\/07\/El_dia.jpg?resize=4%2C12&amp;ssl=1 4w, https:\/\/i0.wp.com\/raulmorenoyague.com\/wp-content\/uploads\/2024\/07\/El_dia.jpg?w=558&amp;ssl=1 558w\" sizes=\"auto, (max-width: 361px) 100vw, 361px\" \/><\/a><\/figure>\n<\/div>\n\n\n<h3 class=\"wp-block-heading has-text-align-center has-neve-text-color-color has-text-color\">2022 El D\u00eda     <\/h3>\n\n\n\n<p class=\"has-text-align-center has-neve-text-color-color has-text-color\">Chardonnay<\/p>\n<\/div>\n\n\n\n<div class=\"wp-block-column is-vertically-aligned-top is-layout-flow wp-block-column-is-layout-flow\" style=\"flex-basis:200px\"><div class=\"wp-block-image is-style-default\">\n<figure class=\"aligncenter size-large is-resized\"><a href=\"https:\/\/raulmorenoyague.com\/wp-content\/uploads\/2024\/07\/2022_La_Pretension.pdf\"><img data-recalc-dims=\"1\" decoding=\"async\" width=\"362\" height=\"1024\" loading=\"lazy\" src=\"https:\/\/i0.wp.com\/raulmorenoyague.com\/wp-content\/uploads\/2024\/07\/La_pretension.jpg?resize=362%2C1024&#038;ssl=1\" alt=\"\" class=\"wp-image-505\" style=\"width:130px\" srcset=\"https:\/\/i0.wp.com\/raulmorenoyague.com\/wp-content\/uploads\/2024\/07\/La_pretension.jpg?resize=362%2C1024&amp;ssl=1 362w, https:\/\/i0.wp.com\/raulmorenoyague.com\/wp-content\/uploads\/2024\/07\/La_pretension.jpg?resize=106%2C300&amp;ssl=1 106w, https:\/\/i0.wp.com\/raulmorenoyague.com\/wp-content\/uploads\/2024\/07\/La_pretension.jpg?resize=4%2C12&amp;ssl=1 4w, https:\/\/i0.wp.com\/raulmorenoyague.com\/wp-content\/uploads\/2024\/07\/La_pretension.jpg?w=433&amp;ssl=1 433w\" sizes=\"auto, (max-width: 362px) 100vw, 362px\" \/><\/a><\/figure>\n<\/div>\n\n\n<h3 class=\"wp-block-heading has-text-align-center has-neve-text-color-color has-text-color\">2022 La Pretensi\u00f3n<\/h3>\n\n\n\n<p class=\"has-text-align-center has-neve-text-color-color has-text-color\">Moscatel<\/p>\n<\/div>\n\n\n\n<div class=\"wp-block-column is-vertically-aligned-top is-layout-flow wp-block-column-is-layout-flow\" style=\"flex-basis:200px\"><div class=\"wp-block-image is-style-default\">\n<figure class=\"aligncenter size-large is-resized\"><a href=\"https:\/\/raulmorenoyague.com\/wp-content\/uploads\/2024\/07\/2022_La_Retahila.pdf\"><img data-recalc-dims=\"1\" decoding=\"async\" width=\"361\" height=\"1024\" loading=\"lazy\" src=\"https:\/\/i0.wp.com\/raulmorenoyague.com\/wp-content\/uploads\/2024\/07\/La_retahila.jpg?resize=361%2C1024&#038;ssl=1\" alt=\"\" class=\"wp-image-504\" style=\"width:130px\" srcset=\"https:\/\/i0.wp.com\/raulmorenoyague.com\/wp-content\/uploads\/2024\/07\/La_retahila.jpg?resize=361%2C1024&amp;ssl=1 361w, https:\/\/i0.wp.com\/raulmorenoyague.com\/wp-content\/uploads\/2024\/07\/La_retahila.jpg?resize=106%2C300&amp;ssl=1 106w, https:\/\/i0.wp.com\/raulmorenoyague.com\/wp-content\/uploads\/2024\/07\/La_retahila.jpg?resize=4%2C12&amp;ssl=1 4w, https:\/\/i0.wp.com\/raulmorenoyague.com\/wp-content\/uploads\/2024\/07\/La_retahila.jpg?w=474&amp;ssl=1 474w\" sizes=\"auto, (max-width: 361px) 100vw, 361px\" \/><\/a><\/figure>\n<\/div>\n\n\n<h3 class=\"wp-block-heading has-text-align-center has-neve-text-color-color has-text-color\">2022 La Retahila<\/h3>\n\n\n\n<p class=\"has-text-align-center has-neve-text-color-color has-text-color\">Perruno<\/p>\n<\/div>\n<\/div>\n\n\n\n<div class=\"wp-block-columns are-vertically-aligned-top has-nv-dark-bg-color has-text-color has-background has-link-color wp-elements-23d4cc8c96174185bde65b97498fb727 is-layout-flex wp-container-core-columns-is-layout-9d6595d7 wp-block-columns-is-layout-flex\" style=\"background-color:#ffffff\">\n<div class=\"wp-block-column is-vertically-aligned-top is-layout-flow wp-block-column-is-layout-flow\" style=\"border-style:none;border-width:0px;padding-right:0;padding-left:0;flex-basis:200px\"><div class=\"wp-block-image is-style-default\">\n<figure class=\"aligncenter size-large is-resized\"><a href=\"https:\/\/raulmorenoyague.com\/wp-content\/uploads\/2024\/07\/2022_El_Proposito.pdf\"><img data-recalc-dims=\"1\" decoding=\"async\" width=\"362\" height=\"1024\" loading=\"lazy\" src=\"https:\/\/i0.wp.com\/raulmorenoyague.com\/wp-content\/uploads\/2024\/07\/El_proposito.jpg?resize=362%2C1024&#038;ssl=1\" alt=\"\" class=\"wp-image-503\" style=\"width:130px\" srcset=\"https:\/\/i0.wp.com\/raulmorenoyague.com\/wp-content\/uploads\/2024\/07\/El_proposito.jpg?resize=362%2C1024&amp;ssl=1 362w, https:\/\/i0.wp.com\/raulmorenoyague.com\/wp-content\/uploads\/2024\/07\/El_proposito.jpg?resize=106%2C300&amp;ssl=1 106w, https:\/\/i0.wp.com\/raulmorenoyague.com\/wp-content\/uploads\/2024\/07\/El_proposito.jpg?resize=4%2C12&amp;ssl=1 4w, https:\/\/i0.wp.com\/raulmorenoyague.com\/wp-content\/uploads\/2024\/07\/El_proposito.jpg?resize=600%2C1699&amp;ssl=1 600w, https:\/\/i0.wp.com\/raulmorenoyague.com\/wp-content\/uploads\/2024\/07\/El_proposito.jpg?w=625&amp;ssl=1 625w\" sizes=\"auto, (max-width: 362px) 100vw, 362px\" \/><\/a><\/figure>\n<\/div>\n\n\n<h3 class=\"wp-block-heading has-text-align-center has-neve-text-color-color has-text-color\">2022 El Prop\u00f3sito<\/h3>\n\n\n\n<p class=\"has-text-align-center has-neve-text-color-color has-text-color\">Palomino<\/p>\n<\/div>\n\n\n\n<div class=\"wp-block-column is-vertically-aligned-top is-layout-flow wp-block-column-is-layout-flow\" style=\"flex-basis:200px\"><div class=\"wp-block-image is-style-default\">\n<figure class=\"aligncenter size-large is-resized\"><a href=\"https:\/\/raulmorenoyague.com\/wp-content\/uploads\/2024\/07\/2022_La_Esencia.pdf\"><img data-recalc-dims=\"1\" decoding=\"async\" width=\"361\" height=\"1024\" loading=\"lazy\" src=\"https:\/\/i0.wp.com\/raulmorenoyague.com\/wp-content\/uploads\/2024\/07\/La_esencia.jpg?resize=361%2C1024&#038;ssl=1\" alt=\"\" class=\"wp-image-502\" style=\"width:130px\" srcset=\"https:\/\/i0.wp.com\/raulmorenoyague.com\/wp-content\/uploads\/2024\/07\/La_esencia.jpg?resize=361%2C1024&amp;ssl=1 361w, https:\/\/i0.wp.com\/raulmorenoyague.com\/wp-content\/uploads\/2024\/07\/La_esencia.jpg?resize=106%2C300&amp;ssl=1 106w, https:\/\/i0.wp.com\/raulmorenoyague.com\/wp-content\/uploads\/2024\/07\/La_esencia.jpg?resize=4%2C12&amp;ssl=1 4w, https:\/\/i0.wp.com\/raulmorenoyague.com\/wp-content\/uploads\/2024\/07\/La_esencia.jpg?w=449&amp;ssl=1 449w\" sizes=\"auto, (max-width: 361px) 100vw, 361px\" \/><\/a><\/figure>\n<\/div>\n\n\n<h3 class=\"wp-block-heading has-text-align-center has-neve-text-color-color has-text-color\">2022 La Esencia<\/h3>\n\n\n\n<p class=\"has-text-align-center has-neve-text-color-color has-text-color\">Tintilla, Palomino, Pedro Xim\u00e9nez y Arinto<\/p>\n<\/div>\n\n\n\n<div class=\"wp-block-column is-vertically-aligned-top is-layout-flow wp-block-column-is-layout-flow\" style=\"flex-basis:200px\"><div class=\"wp-block-image is-style-default\">\n<figure class=\"aligncenter size-large is-resized\"><a href=\"https:\/\/raulmorenoyague.com\/wp-content\/uploads\/2024\/07\/2022_Femme_dArgent.pdf\"><img data-recalc-dims=\"1\" decoding=\"async\" width=\"361\" height=\"1024\" loading=\"lazy\" src=\"https:\/\/i0.wp.com\/raulmorenoyague.com\/wp-content\/uploads\/2024\/07\/Femme_dargent.jpg?resize=361%2C1024&#038;ssl=1\" alt=\"\" class=\"wp-image-501\" style=\"width:130px\" srcset=\"https:\/\/i0.wp.com\/raulmorenoyague.com\/wp-content\/uploads\/2024\/07\/Femme_dargent.jpg?resize=361%2C1024&amp;ssl=1 361w, https:\/\/i0.wp.com\/raulmorenoyague.com\/wp-content\/uploads\/2024\/07\/Femme_dargent.jpg?resize=106%2C300&amp;ssl=1 106w, https:\/\/i0.wp.com\/raulmorenoyague.com\/wp-content\/uploads\/2024\/07\/Femme_dargent.jpg?resize=541%2C1536&amp;ssl=1 541w, https:\/\/i0.wp.com\/raulmorenoyague.com\/wp-content\/uploads\/2024\/07\/Femme_dargent.jpg?resize=4%2C12&amp;ssl=1 4w, https:\/\/i0.wp.com\/raulmorenoyague.com\/wp-content\/uploads\/2024\/07\/Femme_dargent.jpg?w=562&amp;ssl=1 562w\" sizes=\"auto, (max-width: 361px) 100vw, 361px\" \/><\/a><\/figure>\n<\/div>\n\n\n<h3 class=\"wp-block-heading has-text-align-center has-neve-text-color-color has-text-color\">2022 La Femme d'Argent<\/h3>\n\n\n\n<p class=\"has-text-align-center has-neve-text-color-color has-text-color\">Palomino y Sirah<\/p>\n<\/div>\n\n\n\n<div class=\"wp-block-column is-vertically-aligned-top is-layout-flow wp-block-column-is-layout-flow\" style=\"flex-basis:200px\"><div class=\"wp-block-image is-style-default\">\n<figure class=\"aligncenter size-large is-resized\"><a href=\"https:\/\/raulmorenoyague.com\/wp-content\/uploads\/2024\/07\/2022_La_Inflexion.pdf\" rel=\"https:\/\/raulmorenoyague.com\/wp-content\/uploads\/2024\/07\/2022_La_Inflexion.pdf\"><img data-recalc-dims=\"1\" decoding=\"async\" width=\"361\" height=\"1024\" loading=\"lazy\" src=\"https:\/\/i0.wp.com\/raulmorenoyague.com\/wp-content\/uploads\/2024\/07\/La_inflexion.jpg?resize=361%2C1024&#038;ssl=1\" alt=\"\" class=\"wp-image-500\" style=\"width:130px\" srcset=\"https:\/\/i0.wp.com\/raulmorenoyague.com\/wp-content\/uploads\/2024\/07\/La_inflexion.jpg?resize=361%2C1024&amp;ssl=1 361w, https:\/\/i0.wp.com\/raulmorenoyague.com\/wp-content\/uploads\/2024\/07\/La_inflexion.jpg?resize=106%2C300&amp;ssl=1 106w, https:\/\/i0.wp.com\/raulmorenoyague.com\/wp-content\/uploads\/2024\/07\/La_inflexion.jpg?resize=4%2C12&amp;ssl=1 4w, https:\/\/i0.wp.com\/raulmorenoyague.com\/wp-content\/uploads\/2024\/07\/La_inflexion.jpg?w=408&amp;ssl=1 408w\" sizes=\"auto, (max-width: 361px) 100vw, 361px\" \/><\/a><\/figure>\n<\/div>\n\n\n<h3 class=\"wp-block-heading has-text-align-center has-neve-text-color-color has-text-color\">2022 La Inflexi\u00f3n<\/h3>\n\n\n\n<p class=\"has-text-align-center has-neve-text-color-color has-text-color\">Pinot Noir y Syrah<\/p>\n<\/div>\n\n\n\n<div class=\"wp-block-column is-vertically-aligned-top is-layout-flow wp-block-column-is-layout-flow\" style=\"flex-basis:200px\"><div class=\"wp-block-image is-style-default\">\n<figure class=\"aligncenter size-large is-resized\"><a href=\"https:\/\/raulmorenoyague.com\/wp-content\/uploads\/2024\/07\/2022_La_Quimera.pdf\"><img data-recalc-dims=\"1\" decoding=\"async\" width=\"362\" height=\"1024\" loading=\"lazy\" src=\"https:\/\/i0.wp.com\/raulmorenoyague.com\/wp-content\/uploads\/2024\/07\/La_quimera.jpg?resize=362%2C1024&#038;ssl=1\" alt=\"\" class=\"wp-image-499\" style=\"width:130px\" srcset=\"https:\/\/i0.wp.com\/raulmorenoyague.com\/wp-content\/uploads\/2024\/07\/La_quimera.jpg?resize=362%2C1024&amp;ssl=1 362w, https:\/\/i0.wp.com\/raulmorenoyague.com\/wp-content\/uploads\/2024\/07\/La_quimera.jpg?resize=106%2C300&amp;ssl=1 106w, https:\/\/i0.wp.com\/raulmorenoyague.com\/wp-content\/uploads\/2024\/07\/La_quimera.jpg?resize=543%2C1536&amp;ssl=1 543w, https:\/\/i0.wp.com\/raulmorenoyague.com\/wp-content\/uploads\/2024\/07\/La_quimera.jpg?resize=4%2C12&amp;ssl=1 4w, https:\/\/i0.wp.com\/raulmorenoyague.com\/wp-content\/uploads\/2024\/07\/La_quimera.jpg?resize=600%2C1697&amp;ssl=1 600w, https:\/\/i0.wp.com\/raulmorenoyague.com\/wp-content\/uploads\/2024\/07\/La_quimera.jpg?w=645&amp;ssl=1 645w\" sizes=\"auto, (max-width: 362px) 100vw, 362px\" \/><\/a><\/figure>\n<\/div>\n\n\n<h3 class=\"wp-block-heading has-text-align-center has-neve-text-color-color has-text-color\">2022 La Quimera<\/h3>\n\n\n\n<p class=\"has-text-align-center has-neve-text-color-color has-text-color\">Pinot Noir<\/p>\n<\/div>\n<\/div>\n<\/div><\/div>\n\n\n\n<div style=\"height:20px\" aria-hidden=\"true\" class=\"wp-block-spacer\"><\/div>\n\n\n\n<div class=\"wp-block-columns is-layout-flex wp-container-core-columns-is-layout-9d6595d7 wp-block-columns-is-layout-flex\">\n<div class=\"wp-block-column is-layout-flow wp-block-column-is-layout-flow\"><\/div>\n\n\n\n<div class=\"wp-block-column is-layout-flow wp-block-column-is-layout-flow\"><\/div>\n<\/div>","protected":false},"excerpt":{"rendered":"<p>Our wines 2023 Alba y Barro Beba, Alarije y Palomino 2023 Destellos Palomino y Arinto 2022 El D\u00eda Chardonnay 2022 La Pretensi\u00f3n Moscatel 2022 La Retahila Perruno 2022 El Proposito Palomino 2022 La Esencia Tintilla, Palomino, Pedro Xim\u00e9nez y Arinto 2022 La Femme d&#8217;Argent Palomino y Sirah 2022 La Inflexi\u00f3n Pinot Noir y Syrah 2022&hellip;&nbsp;<a href=\"https:\/\/raulmorenoyague.com\/es\/our-wines\/\" rel=\"bookmark\">Leer m\u00e1s \u00bb<span class=\"screen-reader-text\">Nuestros vinos<\/span><\/a><\/p>","protected":false},"author":1,"featured_media":0,"parent":0,"menu_order":0,"comment_status":"closed","ping_status":"closed","template":"page-templates\/template-pagebuilder-full-width.php","meta":{"nf_dc_page":"","om_disable_all_campaigns":false,"neve_meta_sidebar":"full-width","neve_meta_container":"contained","neve_meta_enable_content_width":"on","neve_meta_content_width":100,"neve_meta_title_alignment":"","neve_meta_author_avatar":"","neve_post_elements_order":"","neve_meta_disable_header":"","neve_meta_disable_footer":"","neve_meta_disable_title":"on","footnotes":""},"class_list":["post-520","page","type-page","status-publish","hentry"],"yoast_head":"<!-- This site is optimized with the Yoast SEO plugin v27.4 - https:\/\/yoast.com\/product\/yoast-seo-wordpress\/ -->\n<title>Our wines - Raul Moreno Wines<\/title>\n<meta name=\"robots\" content=\"index, follow, max-snippet:-1, max-image-preview:large, max-video-preview:-1\" \/>\n<link rel=\"canonical\" href=\"https:\/\/raulmorenoyague.com\/es\/our-wines\/\" \/>\n<meta property=\"og:locale\" content=\"es_ES\" \/>\n<meta property=\"og:type\" content=\"article\" \/>\n<meta property=\"og:title\" content=\"Our wines - Raul Moreno Wines\" \/>\n<meta property=\"og:description\" content=\"Our wines 2023 Alba y Barro Beba, Alarije y Palomino 2023 Destellos Palomino y Arinto 2022 El D\u00eda Chardonnay 2022 La Pretensi\u00f3n Moscatel 2022 La Retahila Perruno 2022 El Proposito Palomino 2022 La Esencia Tintilla, Palomino, Pedro Xim\u00e9nez y Arinto 2022 La Femme d&#8217;Argent Palomino y Sirah 2022 La Inflexi\u00f3n Pinot Noir y Syrah 2022&hellip;&nbsp;Leer m\u00e1s &raquo;Our wines\" \/>\n<meta property=\"og:url\" content=\"https:\/\/raulmorenoyague.com\/es\/our-wines\/\" \/>\n<meta property=\"og:site_name\" content=\"Raul Moreno Wines\" \/>\n<meta property=\"article:modified_time\" content=\"2024-07-29T23:27:47+00:00\" \/>\n<meta property=\"og:image\" content=\"https:\/\/raulmorenoyague.com\/wp-content\/uploads\/2024\/07\/Alba_y_barro-1-363x1024.jpg\" \/>\n<meta name=\"twitter:card\" content=\"summary_large_image\" \/>\n<meta name=\"twitter:label1\" content=\"Tiempo de lectura\" \/>\n\t<meta name=\"twitter:data1\" content=\"3 minutos\" \/>\n<script type=\"application\/ld+json\" class=\"yoast-schema-graph\">{\"@context\":\"https:\\\/\\\/schema.org\",\"@graph\":[{\"@type\":\"WebPage\",\"@id\":\"https:\\\/\\\/raulmorenoyague.com\\\/our-wines\\\/\",\"url\":\"https:\\\/\\\/raulmorenoyague.com\\\/our-wines\\\/\",\"name\":\"Our wines - Raul Moreno Wines\",\"isPartOf\":{\"@id\":\"https:\\\/\\\/raulmorenoyague.com\\\/#website\"},\"primaryImageOfPage\":{\"@id\":\"https:\\\/\\\/raulmorenoyague.com\\\/our-wines\\\/#primaryimage\"},\"image\":{\"@id\":\"https:\\\/\\\/raulmorenoyague.com\\\/our-wines\\\/#primaryimage\"},\"thumbnailUrl\":\"https:\\\/\\\/raulmorenoyague.com\\\/wp-content\\\/uploads\\\/2024\\\/07\\\/Alba_y_barro-1-363x1024.jpg\",\"datePublished\":\"2024-07-29T23:27:41+00:00\",\"dateModified\":\"2024-07-29T23:27:47+00:00\",\"breadcrumb\":{\"@id\":\"https:\\\/\\\/raulmorenoyague.com\\\/our-wines\\\/#breadcrumb\"},\"inLanguage\":\"es\",\"potentialAction\":[{\"@type\":\"ReadAction\",\"target\":[\"https:\\\/\\\/raulmorenoyague.com\\\/our-wines\\\/\"]}]},{\"@type\":\"ImageObject\",\"inLanguage\":\"es\",\"@id\":\"https:\\\/\\\/raulmorenoyague.com\\\/our-wines\\\/#primaryimage\",\"url\":\"https:\\\/\\\/raulmorenoyague.com\\\/wp-content\\\/uploads\\\/2024\\\/07\\\/Alba_y_barro-1-363x1024.jpg\",\"contentUrl\":\"https:\\\/\\\/raulmorenoyague.com\\\/wp-content\\\/uploads\\\/2024\\\/07\\\/Alba_y_barro-1-363x1024.jpg\"},{\"@type\":\"BreadcrumbList\",\"@id\":\"https:\\\/\\\/raulmorenoyague.com\\\/our-wines\\\/#breadcrumb\",\"itemListElement\":[{\"@type\":\"ListItem\",\"position\":1,\"name\":\"Home\",\"item\":\"https:\\\/\\\/raulmorenoyague.com\\\/\"},{\"@type\":\"ListItem\",\"position\":2,\"name\":\"Our wines\"}]},{\"@type\":\"WebSite\",\"@id\":\"https:\\\/\\\/raulmorenoyague.com\\\/#website\",\"url\":\"https:\\\/\\\/raulmorenoyague.com\\\/\",\"name\":\"Raul Moreno Wines\",\"description\":\"Vinos Audaces. Andalucia\",\"publisher\":{\"@id\":\"https:\\\/\\\/raulmorenoyague.com\\\/#organization\"},\"potentialAction\":[{\"@type\":\"SearchAction\",\"target\":{\"@type\":\"EntryPoint\",\"urlTemplate\":\"https:\\\/\\\/raulmorenoyague.com\\\/?s={search_term_string}\"},\"query-input\":{\"@type\":\"PropertyValueSpecification\",\"valueRequired\":true,\"valueName\":\"search_term_string\"}}],\"inLanguage\":\"es\"},{\"@type\":\"Organization\",\"@id\":\"https:\\\/\\\/raulmorenoyague.com\\\/#organization\",\"name\":\"Raul Moreno Wines\",\"url\":\"https:\\\/\\\/raulmorenoyague.com\\\/\",\"logo\":{\"@type\":\"ImageObject\",\"inLanguage\":\"es\",\"@id\":\"https:\\\/\\\/raulmorenoyague.com\\\/#\\\/schema\\\/logo\\\/image\\\/\",\"url\":\"\",\"contentUrl\":\"\",\"caption\":\"Raul Moreno Wines\"},\"image\":{\"@id\":\"https:\\\/\\\/raulmorenoyague.com\\\/#\\\/schema\\\/logo\\\/image\\\/\"}}]}<\/script>\n<!-- \/ Yoast SEO plugin. -->","yoast_head_json":{"title":"Nuestros vinos - Raul Moreno Wines","robots":{"index":"index","follow":"follow","max-snippet":"max-snippet:-1","max-image-preview":"max-image-preview:large","max-video-preview":"max-video-preview:-1"},"canonical":"https:\/\/raulmorenoyague.com\/es\/our-wines\/","og_locale":"es_ES","og_type":"article","og_title":"Our wines - Raul Moreno Wines","og_description":"Our wines 2023 Alba y Barro Beba, Alarije y Palomino 2023 Destellos Palomino y Arinto 2022 El D\u00eda Chardonnay 2022 La Pretensi\u00f3n Moscatel 2022 La Retahila Perruno 2022 El Proposito Palomino 2022 La Esencia Tintilla, Palomino, Pedro Xim\u00e9nez y Arinto 2022 La Femme d&#8217;Argent Palomino y Sirah 2022 La Inflexi\u00f3n Pinot Noir y Syrah 2022&hellip;&nbsp;Leer m\u00e1s &raquo;Our wines","og_url":"https:\/\/raulmorenoyague.com\/es\/our-wines\/","og_site_name":"Raul Moreno Wines","article_modified_time":"2024-07-29T23:27:47+00:00","og_image":[{"url":"https:\/\/raulmorenoyague.com\/wp-content\/uploads\/2024\/07\/Alba_y_barro-1-363x1024.jpg","type":"","width":"","height":""}],"twitter_card":"summary_large_image","twitter_misc":{"Tiempo de lectura":"3 minutos"},"schema":{"@context":"https:\/\/schema.org","@graph":[{"@type":"WebPage","@id":"https:\/\/raulmorenoyague.com\/our-wines\/","url":"https:\/\/raulmorenoyague.com\/our-wines\/","name":"Nuestros vinos - Raul Moreno Wines","isPartOf":{"@id":"https:\/\/raulmorenoyague.com\/#website"},"primaryImageOfPage":{"@id":"https:\/\/raulmorenoyague.com\/our-wines\/#primaryimage"},"image":{"@id":"https:\/\/raulmorenoyague.com\/our-wines\/#primaryimage"},"thumbnailUrl":"https:\/\/raulmorenoyague.com\/wp-content\/uploads\/2024\/07\/Alba_y_barro-1-363x1024.jpg","datePublished":"2024-07-29T23:27:41+00:00","dateModified":"2024-07-29T23:27:47+00:00","breadcrumb":{"@id":"https:\/\/raulmorenoyague.com\/our-wines\/#breadcrumb"},"inLanguage":"es","potentialAction":[{"@type":"ReadAction","target":["https:\/\/raulmorenoyague.com\/our-wines\/"]}]},{"@type":"ImageObject","inLanguage":"es","@id":"https:\/\/raulmorenoyague.com\/our-wines\/#primaryimage","url":"https:\/\/raulmorenoyague.com\/wp-content\/uploads\/2024\/07\/Alba_y_barro-1-363x1024.jpg","contentUrl":"https:\/\/raulmorenoyague.com\/wp-content\/uploads\/2024\/07\/Alba_y_barro-1-363x1024.jpg"},{"@type":"BreadcrumbList","@id":"https:\/\/raulmorenoyague.com\/our-wines\/#breadcrumb","itemListElement":[{"@type":"ListItem","position":1,"name":"Home","item":"https:\/\/raulmorenoyague.com\/"},{"@type":"ListItem","position":2,"name":"Our wines"}]},{"@type":"WebSite","@id":"https:\/\/raulmorenoyague.com\/#website","url":"https:\/\/raulmorenoyague.com\/","name":"Vinos Ra\u00fal Moreno","description":"Vinos Audaces. Andaluc\u00eda","publisher":{"@id":"https:\/\/raulmorenoyague.com\/#organization"},"potentialAction":[{"@type":"SearchAction","target":{"@type":"EntryPoint","urlTemplate":"https:\/\/raulmorenoyague.com\/?s={search_term_string}"},"query-input":{"@type":"PropertyValueSpecification","valueRequired":true,"valueName":"search_term_string"}}],"inLanguage":"es"},{"@type":"Organization","@id":"https:\/\/raulmorenoyague.com\/#organization","name":"Vinos Ra\u00fal Moreno","url":"https:\/\/raulmorenoyague.com\/","logo":{"@type":"ImageObject","inLanguage":"es","@id":"https:\/\/raulmorenoyague.com\/#\/schema\/logo\/image\/","url":"","contentUrl":"","caption":"Raul Moreno Wines"},"image":{"@id":"https:\/\/raulmorenoyague.com\/#\/schema\/logo\/image\/"}}]}},"jetpack_sharing_enabled":true,"_links":{"self":[{"href":"https:\/\/raulmorenoyague.com\/es\/wp-json\/wp\/v2\/pages\/520","targetHints":{"allow":["GET"]}}],"collection":[{"href":"https:\/\/raulmorenoyague.com\/es\/wp-json\/wp\/v2\/pages"}],"about":[{"href":"https:\/\/raulmorenoyague.com\/es\/wp-json\/wp\/v2\/types\/page"}],"author":[{"embeddable":true,"href":"https:\/\/raulmorenoyague.com\/es\/wp-json\/wp\/v2\/users\/1"}],"replies":[{"embeddable":true,"href":"https:\/\/raulmorenoyague.com\/es\/wp-json\/wp\/v2\/comments?post=520"}],"version-history":[{"count":5,"href":"https:\/\/raulmorenoyague.com\/es\/wp-json\/wp\/v2\/pages\/520\/revisions"}],"predecessor-version":[{"id":552,"href":"https:\/\/raulmorenoyague.com\/es\/wp-json\/wp\/v2\/pages\/520\/revisions\/552"}],"wp:attachment":[{"href":"https:\/\/raulmorenoyague.com\/es\/wp-json\/wp\/v2\/media?parent=520"}],"curies":[{"name":"gracias","href":"https:\/\/api.w.org\/{rel}","templated":true}]}}