{"id":306,"date":"2024-01-31T15:55:14","date_gmt":"2024-01-31T15:55:14","guid":{"rendered":"https:\/\/raulmorenoyague.com\/?page_id=306"},"modified":"2025-06-19T13:06:18","modified_gmt":"2025-06-19T11:06:18","slug":"about-us","status":"publish","type":"page","link":"https:\/\/raulmorenoyague.com\/es\/about-us\/","title":{"rendered":"Sobre nosotros"},"content":{"rendered":"<div class=\"nfd-container nfd-my-0 nfd-p-0 nfd-bg-gray-800 wp-block-group alignfull has-nv-text-dark-bg-color has-text-color has-background\" id=\"intro\" style=\"background-color:#193319\"><div class=\"wp-block-group__inner-container is-layout-flow wp-block-group-is-layout-flow\">\n<div class=\"nfd-my-0 nfd-p-lg ticss-1f8641d3 wp-block-group alignwide is-nowrap is-layout-flex wp-container-core-group-is-layout-272dff5d wp-block-group-is-layout-flex\">\n<div class=\"wp-block-group nfd-wb-animate nfd-wb-fade-in-bottom\"><div class=\"wp-block-group__inner-container is-layout-constrained wp-block-group-is-layout-constrained\">\n<h1 class=\"nfd-text-giga nfd-text-current md:nfd-no-br wp-block-heading has-text-align-center has-neve-link-color-color has-text-color has-link-color wp-elements-4bd34e1c97069346f517adf6edcbdc4e\">La persona\u2026<\/h1>\n<\/div><\/div>\n<\/div>\n\n\n<div class=\"wp-block-image\">\n<figure class=\"aligncenter size-large is-resized has-custom-border nfd-wb-animate nfd-wb-reveal-right nfd-delay-450\"><img data-recalc-dims=\"1\" decoding=\"async\" width=\"1024\" height=\"789\" loading=\"lazy\" src=\"https:\/\/i0.wp.com\/raulmorenoyague.com\/wp-content\/uploads\/2024\/01\/Sunset.jpg?resize=1024%2C789&#038;ssl=1\" alt=\"\" class=\"wp-image-88\" style=\"border-radius:4px;aspect-ratio:16\/9;object-fit:cover;width:1200px;height:undefinedpx\" srcset=\"https:\/\/i0.wp.com\/raulmorenoyague.com\/wp-content\/uploads\/2024\/01\/Sunset-scaled.jpg?resize=1024%2C789&amp;ssl=1 1024w, https:\/\/i0.wp.com\/raulmorenoyague.com\/wp-content\/uploads\/2024\/01\/Sunset-scaled.jpg?resize=300%2C231&amp;ssl=1 300w, https:\/\/i0.wp.com\/raulmorenoyague.com\/wp-content\/uploads\/2024\/01\/Sunset-scaled.jpg?resize=768%2C592&amp;ssl=1 768w, https:\/\/i0.wp.com\/raulmorenoyague.com\/wp-content\/uploads\/2024\/01\/Sunset-scaled.jpg?resize=1536%2C1184&amp;ssl=1 1536w, https:\/\/i0.wp.com\/raulmorenoyague.com\/wp-content\/uploads\/2024\/01\/Sunset-scaled.jpg?resize=2048%2C1579&amp;ssl=1 2048w, https:\/\/i0.wp.com\/raulmorenoyague.com\/wp-content\/uploads\/2024\/01\/Sunset-scaled.jpg?w=2400&amp;ssl=1 2400w\" sizes=\"auto, (max-width: 1024px) 100vw, 1024px\" \/><\/figure>\n<\/div><\/div><\/div>\n\n\n\n<div class=\"nfd-container nfd-my-0 nfd-px-md nfd-py-lg nfd-bg-gray-100 wp-block-group alignfull has-black-color has-white-background-color has-text-color has-background\" id=\"features\"><div class=\"wp-block-group__inner-container is-layout-flow wp-block-group-is-layout-flow\">\n<div class=\"md:nfd-gap-8 nfd-text-base wp-block-columns are-vertically-aligned-top nfd-wb-animate nfd-wb-fade-in-bottom is-layout-flex wp-container-core-columns-is-layout-4bfea225 wp-block-columns-is-layout-flex\">\n<div class=\"md:nfd-order-2 wp-block-column is-vertically-aligned-top is-layout-flow wp-block-column-is-layout-flow\" style=\"flex-basis:50%\">\n<div class=\"wp-block-group\"><div class=\"wp-block-group__inner-container is-layout-constrained wp-block-group-is-layout-constrained\">\n<h2 class=\"wp-block-heading nfd-text-huge nfd-text-current has-text-color has-link-color has-large-font-size wp-elements-bce818b1c78f1b59e1fa43c62312b9c7\" style=\"color:#1e1d18\">Ra\u00fal Moreno Yag\u00fce<\/h2>\n\n\n\n<div class=\"nfd-text-md nfd-text-opacity-80 wp-block-group\" style=\"padding-bottom:8px\"><div class=\"wp-block-group__inner-container is-layout-constrained wp-block-group-is-layout-constrained\">\n<p class=\"\">Nacido en Sevilla, Ra\u00fal Moreno Yague se embarc\u00f3 en una odisea transformadora, atravesando 23 a\u00f1os de experiencias globales antes de regresar a Espa\u00f1a. La ilustre carrera hotelera de Ra\u00fal aliment\u00f3 su pasi\u00f3n por la elaboraci\u00f3n del vino y la viticultura, impuls\u00e1ndolo a experimentar en todo el mundo, desde Francia y Estados Unidos hasta Georgia y Sud\u00e1frica, entre otros pa\u00edses.<\/p>\n\n\n\n<p class=\"\">Ra\u00fal, un sevillano con un paladar astuto, hizo una transici\u00f3n perfecta a la elaboraci\u00f3n del vino, personificando la precisi\u00f3n y la individualidad en cada botella. Su amplia cartera, que incluye vinos blancos, tintos tranquilos, claretes y naranjas, desaf\u00eda las convenciones en regiones como Jerez, Extremadura y el Alentejo portugu\u00e9s.<\/p>\n\n\n\n<p class=\"\">La evoluci\u00f3n de Ra\u00fal de sumiller global a en\u00f3logo se desarroll\u00f3 con persistencia y experiencia. En colaboraci\u00f3n con propietarios de vi\u00f1edos locales, seleccion\u00f3 una colecci\u00f3n de vides m\u00e1s antiguas, remodelando productos b\u00e1sicos regionales. Cada botella refleja el compromiso de Ra\u00fal con la singularidad, combinando tradici\u00f3n con atrevido experimentalismo.<\/p>\n\n\n\n<p class=\"\"><em>&#8220;White Star Line S.L.U has been a beneficiary of the StartUp &#8211; Seed Capital Program, 100% funded by the Area of Planning, Coordination, and Strategic Development of the Hon. Provincial Council of C\u00e1diz within the framework of DipuInnova+ 2024 and executed by the Chambers of Commerce of the Province of C\u00e1diz. The objective of this program is to promote innovation and digital transformation in the province\u2019s productive sector by supporting the launch of innovative and job-generating business projects, encouraging sectoral diversification, and improving the technological level and degree of digital maturity.&#8221;<\/em><\/p>\n\n\n\n<figure class=\"wp-block-image size-large\"><img decoding=\"async\" width=\"2560\" height=\"140\" loading=\"lazy\" src=\"https:\/\/i0.wp.com\/raulmorenoyague.com\/wp-content\/uploads\/2025\/06\/SCS-A4-scaled.png?fit=1024%2C56&amp;ssl=1\" alt=\"\" class=\"wp-image-844\" srcset=\"https:\/\/i0.wp.com\/raulmorenoyague.com\/wp-content\/uploads\/2025\/06\/SCS-A4-scaled.png?w=2560&amp;ssl=1 2560w, https:\/\/i0.wp.com\/raulmorenoyague.com\/wp-content\/uploads\/2025\/06\/SCS-A4-scaled.png?resize=300%2C16&amp;ssl=1 300w, https:\/\/i0.wp.com\/raulmorenoyague.com\/wp-content\/uploads\/2025\/06\/SCS-A4-scaled.png?resize=1024%2C56&amp;ssl=1 1024w, https:\/\/i0.wp.com\/raulmorenoyague.com\/wp-content\/uploads\/2025\/06\/SCS-A4-scaled.png?resize=768%2C42&amp;ssl=1 768w, https:\/\/i0.wp.com\/raulmorenoyague.com\/wp-content\/uploads\/2025\/06\/SCS-A4-scaled.png?resize=1536%2C84&amp;ssl=1 1536w, https:\/\/i0.wp.com\/raulmorenoyague.com\/wp-content\/uploads\/2025\/06\/SCS-A4-scaled.png?resize=2048%2C112&amp;ssl=1 2048w, https:\/\/i0.wp.com\/raulmorenoyague.com\/wp-content\/uploads\/2025\/06\/SCS-A4-scaled.png?resize=18%2C1&amp;ssl=1 18w, https:\/\/i0.wp.com\/raulmorenoyague.com\/wp-content\/uploads\/2025\/06\/SCS-A4-scaled.png?w=2400&amp;ssl=1 2400w\" sizes=\"auto, (max-width: 1200px) 100vw, 1200px\" \/><\/figure>\n<\/div><\/div>\n<\/div><\/div>\n<\/div>\n\n\n\n<div class=\"md:nfd-order-2 wp-block-column is-vertically-aligned-top nfd-wb-animate nfd-wb-fade-in-bottom nfd-delay-300 is-layout-flow wp-block-column-is-layout-flow\" style=\"flex-basis:50%\">\n<div class=\"wp-block-group\"><div class=\"wp-block-group__inner-container is-layout-constrained wp-block-group-is-layout-constrained\">\n<div style=\"height:24px\" aria-hidden=\"true\" class=\"md:nfd-hidden wp-block-spacer\"><\/div>\n\n\n\n<h2 class=\"wp-block-heading nfd-text-huge nfd-text-current\"><\/h2>\n\n\n\n<div class=\"nfd-text-md nfd-text-opacity-80 wp-block-group\" style=\"padding-bottom:8px\"><div class=\"wp-block-group__inner-container is-layout-constrained wp-block-group-is-layout-constrained\">\n<p class=\"\"><\/p>\n<\/div><\/div>\n<\/div><\/div>\n<\/div>\n<\/div>\n<\/div><\/div>","protected":false},"excerpt":{"rendered":"<p>The person&#8230; Ra\u00fal Moreno Yag\u00fce Born in Seville, Ra\u00fal Moreno Yague embarked on a transformative odyssey, weaving through 23 years of global experiences before returning to Spain. Ra\u00fal&#8217;s illustrious hospitality career fueled his passion for winemaking and viticulture, propelling him to experiment worldwide, from France and the United States to Georgia and South Africa amongst&hellip;&nbsp;<a href=\"https:\/\/raulmorenoyague.com\/es\/about-us\/\" rel=\"bookmark\">Leer m\u00e1s \u00bb<span class=\"screen-reader-text\">Sobre nosotros<\/span><\/a><\/p>","protected":false},"author":1,"featured_media":0,"parent":0,"menu_order":0,"comment_status":"closed","ping_status":"closed","template":"","meta":{"nf_dc_page":"","om_disable_all_campaigns":false,"neve_meta_sidebar":"","neve_meta_container":"","neve_meta_enable_content_width":"","neve_meta_content_width":0,"neve_meta_title_alignment":"","neve_meta_author_avatar":"","neve_post_elements_order":"","neve_meta_disable_header":"","neve_meta_disable_footer":"","neve_meta_disable_title":"","footnotes":""},"class_list":["post-306","page","type-page","status-publish","hentry"],"yoast_head":"<!-- This site is optimized with the Yoast SEO plugin v27.4 - https:\/\/yoast.com\/product\/yoast-seo-wordpress\/ -->\n<title>About us - Raul Moreno Wines<\/title>\n<meta name=\"robots\" content=\"index, follow, max-snippet:-1, max-image-preview:large, max-video-preview:-1\" \/>\n<link rel=\"canonical\" href=\"https:\/\/raulmorenoyague.com\/es\/about-us\/\" \/>\n<meta property=\"og:locale\" content=\"es_ES\" \/>\n<meta property=\"og:type\" content=\"article\" \/>\n<meta property=\"og:title\" content=\"About us - Raul Moreno Wines\" \/>\n<meta property=\"og:description\" content=\"The person&#8230; Ra\u00fal Moreno Yag\u00fce Born in Seville, Ra\u00fal Moreno Yague embarked on a transformative odyssey, weaving through 23 years of global experiences before returning to Spain. Ra\u00fal&#8217;s illustrious hospitality career fueled his passion for winemaking and viticulture, propelling him to experiment worldwide, from France and the United States to Georgia and South Africa amongst&hellip;&nbsp;Leer m\u00e1s &raquo;About us\" \/>\n<meta property=\"og:url\" content=\"https:\/\/raulmorenoyague.com\/es\/about-us\/\" \/>\n<meta property=\"og:site_name\" content=\"Raul Moreno Wines\" \/>\n<meta property=\"article:modified_time\" content=\"2025-06-19T11:06:18+00:00\" \/>\n<meta property=\"og:image\" content=\"https:\/\/raulmorenoyague.com\/wp-content\/uploads\/2024\/01\/Sunset-1024x789.jpg\" \/>\n<meta name=\"twitter:card\" content=\"summary_large_image\" \/>\n<meta name=\"twitter:label1\" content=\"Tiempo de lectura\" \/>\n\t<meta name=\"twitter:data1\" content=\"2 minutos\" \/>\n<script type=\"application\/ld+json\" class=\"yoast-schema-graph\">{\"@context\":\"https:\\\/\\\/schema.org\",\"@graph\":[{\"@type\":\"WebPage\",\"@id\":\"https:\\\/\\\/raulmorenoyague.com\\\/about-us\\\/\",\"url\":\"https:\\\/\\\/raulmorenoyague.com\\\/about-us\\\/\",\"name\":\"About us - Raul Moreno Wines\",\"isPartOf\":{\"@id\":\"https:\\\/\\\/raulmorenoyague.com\\\/#website\"},\"primaryImageOfPage\":{\"@id\":\"https:\\\/\\\/raulmorenoyague.com\\\/about-us\\\/#primaryimage\"},\"image\":{\"@id\":\"https:\\\/\\\/raulmorenoyague.com\\\/about-us\\\/#primaryimage\"},\"thumbnailUrl\":\"https:\\\/\\\/raulmorenoyague.com\\\/wp-content\\\/uploads\\\/2024\\\/01\\\/Sunset-1024x789.jpg\",\"datePublished\":\"2024-01-31T15:55:14+00:00\",\"dateModified\":\"2025-06-19T11:06:18+00:00\",\"breadcrumb\":{\"@id\":\"https:\\\/\\\/raulmorenoyague.com\\\/about-us\\\/#breadcrumb\"},\"inLanguage\":\"es\",\"potentialAction\":[{\"@type\":\"ReadAction\",\"target\":[\"https:\\\/\\\/raulmorenoyague.com\\\/about-us\\\/\"]}]},{\"@type\":\"ImageObject\",\"inLanguage\":\"es\",\"@id\":\"https:\\\/\\\/raulmorenoyague.com\\\/about-us\\\/#primaryimage\",\"url\":\"https:\\\/\\\/raulmorenoyague.com\\\/wp-content\\\/uploads\\\/2024\\\/01\\\/Sunset-1024x789.jpg\",\"contentUrl\":\"https:\\\/\\\/raulmorenoyague.com\\\/wp-content\\\/uploads\\\/2024\\\/01\\\/Sunset-1024x789.jpg\"},{\"@type\":\"BreadcrumbList\",\"@id\":\"https:\\\/\\\/raulmorenoyague.com\\\/about-us\\\/#breadcrumb\",\"itemListElement\":[{\"@type\":\"ListItem\",\"position\":1,\"name\":\"Home\",\"item\":\"https:\\\/\\\/raulmorenoyague.com\\\/\"},{\"@type\":\"ListItem\",\"position\":2,\"name\":\"About us\"}]},{\"@type\":\"WebSite\",\"@id\":\"https:\\\/\\\/raulmorenoyague.com\\\/#website\",\"url\":\"https:\\\/\\\/raulmorenoyague.com\\\/\",\"name\":\"Raul Moreno Wines\",\"description\":\"Vinos Audaces. Andalucia\",\"publisher\":{\"@id\":\"https:\\\/\\\/raulmorenoyague.com\\\/#organization\"},\"potentialAction\":[{\"@type\":\"SearchAction\",\"target\":{\"@type\":\"EntryPoint\",\"urlTemplate\":\"https:\\\/\\\/raulmorenoyague.com\\\/?s={search_term_string}\"},\"query-input\":{\"@type\":\"PropertyValueSpecification\",\"valueRequired\":true,\"valueName\":\"search_term_string\"}}],\"inLanguage\":\"es\"},{\"@type\":\"Organization\",\"@id\":\"https:\\\/\\\/raulmorenoyague.com\\\/#organization\",\"name\":\"Raul Moreno Wines\",\"url\":\"https:\\\/\\\/raulmorenoyague.com\\\/\",\"logo\":{\"@type\":\"ImageObject\",\"inLanguage\":\"es\",\"@id\":\"https:\\\/\\\/raulmorenoyague.com\\\/#\\\/schema\\\/logo\\\/image\\\/\",\"url\":\"\",\"contentUrl\":\"\",\"caption\":\"Raul Moreno Wines\"},\"image\":{\"@id\":\"https:\\\/\\\/raulmorenoyague.com\\\/#\\\/schema\\\/logo\\\/image\\\/\"}}]}<\/script>\n<!-- \/ Yoast SEO plugin. -->","yoast_head_json":{"title":"Sobre nosotros - Raul Moreno Wines","robots":{"index":"index","follow":"follow","max-snippet":"max-snippet:-1","max-image-preview":"max-image-preview:large","max-video-preview":"max-video-preview:-1"},"canonical":"https:\/\/raulmorenoyague.com\/es\/about-us\/","og_locale":"es_ES","og_type":"article","og_title":"About us - Raul Moreno Wines","og_description":"The person&#8230; Ra\u00fal Moreno Yag\u00fce Born in Seville, Ra\u00fal Moreno Yague embarked on a transformative odyssey, weaving through 23 years of global experiences before returning to Spain. Ra\u00fal&#8217;s illustrious hospitality career fueled his passion for winemaking and viticulture, propelling him to experiment worldwide, from France and the United States to Georgia and South Africa amongst&hellip;&nbsp;Leer m\u00e1s &raquo;About us","og_url":"https:\/\/raulmorenoyague.com\/es\/about-us\/","og_site_name":"Raul Moreno Wines","article_modified_time":"2025-06-19T11:06:18+00:00","og_image":[{"url":"https:\/\/raulmorenoyague.com\/wp-content\/uploads\/2024\/01\/Sunset-1024x789.jpg","type":"","width":"","height":""}],"twitter_card":"summary_large_image","twitter_misc":{"Tiempo de lectura":"2 minutos"},"schema":{"@context":"https:\/\/schema.org","@graph":[{"@type":"WebPage","@id":"https:\/\/raulmorenoyague.com\/about-us\/","url":"https:\/\/raulmorenoyague.com\/about-us\/","name":"Sobre nosotros - Raul Moreno Wines","isPartOf":{"@id":"https:\/\/raulmorenoyague.com\/#website"},"primaryImageOfPage":{"@id":"https:\/\/raulmorenoyague.com\/about-us\/#primaryimage"},"image":{"@id":"https:\/\/raulmorenoyague.com\/about-us\/#primaryimage"},"thumbnailUrl":"https:\/\/raulmorenoyague.com\/wp-content\/uploads\/2024\/01\/Sunset-1024x789.jpg","datePublished":"2024-01-31T15:55:14+00:00","dateModified":"2025-06-19T11:06:18+00:00","breadcrumb":{"@id":"https:\/\/raulmorenoyague.com\/about-us\/#breadcrumb"},"inLanguage":"es","potentialAction":[{"@type":"ReadAction","target":["https:\/\/raulmorenoyague.com\/about-us\/"]}]},{"@type":"ImageObject","inLanguage":"es","@id":"https:\/\/raulmorenoyague.com\/about-us\/#primaryimage","url":"https:\/\/raulmorenoyague.com\/wp-content\/uploads\/2024\/01\/Sunset-1024x789.jpg","contentUrl":"https:\/\/raulmorenoyague.com\/wp-content\/uploads\/2024\/01\/Sunset-1024x789.jpg"},{"@type":"BreadcrumbList","@id":"https:\/\/raulmorenoyague.com\/about-us\/#breadcrumb","itemListElement":[{"@type":"ListItem","position":1,"name":"Home","item":"https:\/\/raulmorenoyague.com\/"},{"@type":"ListItem","position":2,"name":"About us"}]},{"@type":"WebSite","@id":"https:\/\/raulmorenoyague.com\/#website","url":"https:\/\/raulmorenoyague.com\/","name":"Vinos Ra\u00fal Moreno","description":"Vinos Audaces. Andaluc\u00eda","publisher":{"@id":"https:\/\/raulmorenoyague.com\/#organization"},"potentialAction":[{"@type":"SearchAction","target":{"@type":"EntryPoint","urlTemplate":"https:\/\/raulmorenoyague.com\/?s={search_term_string}"},"query-input":{"@type":"PropertyValueSpecification","valueRequired":true,"valueName":"search_term_string"}}],"inLanguage":"es"},{"@type":"Organization","@id":"https:\/\/raulmorenoyague.com\/#organization","name":"Vinos Ra\u00fal Moreno","url":"https:\/\/raulmorenoyague.com\/","logo":{"@type":"ImageObject","inLanguage":"es","@id":"https:\/\/raulmorenoyague.com\/#\/schema\/logo\/image\/","url":"","contentUrl":"","caption":"Raul Moreno Wines"},"image":{"@id":"https:\/\/raulmorenoyague.com\/#\/schema\/logo\/image\/"}}]}},"jetpack_sharing_enabled":true,"_links":{"self":[{"href":"https:\/\/raulmorenoyague.com\/es\/wp-json\/wp\/v2\/pages\/306","targetHints":{"allow":["GET"]}}],"collection":[{"href":"https:\/\/raulmorenoyague.com\/es\/wp-json\/wp\/v2\/pages"}],"about":[{"href":"https:\/\/raulmorenoyague.com\/es\/wp-json\/wp\/v2\/types\/page"}],"author":[{"embeddable":true,"href":"https:\/\/raulmorenoyague.com\/es\/wp-json\/wp\/v2\/users\/1"}],"replies":[{"embeddable":true,"href":"https:\/\/raulmorenoyague.com\/es\/wp-json\/wp\/v2\/comments?post=306"}],"version-history":[{"count":4,"href":"https:\/\/raulmorenoyague.com\/es\/wp-json\/wp\/v2\/pages\/306\/revisions"}],"predecessor-version":[{"id":846,"href":"https:\/\/raulmorenoyague.com\/es\/wp-json\/wp\/v2\/pages\/306\/revisions\/846"}],"wp:attachment":[{"href":"https:\/\/raulmorenoyague.com\/es\/wp-json\/wp\/v2\/media?parent=306"}],"curies":[{"name":"gracias","href":"https:\/\/api.w.org\/{rel}","templated":true}]}}