{"id":252,"date":"2024-01-25T10:18:33","date_gmt":"2024-01-25T10:18:33","guid":{"rendered":"https:\/\/raulmorenoyague.com\/services-6\/"},"modified":"2025-08-29T00:16:28","modified_gmt":"2025-08-28T22:16:28","slug":"services-6","status":"publish","type":"page","link":"https:\/\/raulmorenoyague.com\/es\/services-6\/","title":{"rendered":"Servicios de consultor\u00eda"},"content":{"rendered":"<div class=\"nfd-container nfd-my-0 nfd-p-0 nfd-bg-gray-800 wp-block-group alignfull has-neve-link-color-background-color has-text-color has-background\" id=\"intro\" style=\"color:#c1c5cc\"><div class=\"wp-block-group__inner-container is-layout-flow wp-block-group-is-layout-flow\">\n<div class=\"nfd-my-0 nfd-p-lg wp-block-group alignwide\"><div class=\"wp-block-group__inner-container is-layout-flow wp-block-group-is-layout-flow\">\n<div class=\"wp-block-group nfd-wb-animate nfd-wb-fade-in-bottom\"><div class=\"wp-block-group__inner-container is-layout-constrained wp-block-group-is-layout-constrained\">\n<h1 class=\"nfd-text-giga nfd-text-current md:nfd-no-br wp-block-heading has-text-align-center has-nv-c-2-color has-text-color has-link-color wp-elements-84586de5b0f5b428e7744d06bcfccf37\">Servicios de consultor\u00eda <\/h1>\n<\/div><\/div>\n<\/div><\/div>\n\n\n<div class=\"wp-block-image\">\n<figure class=\"aligncenter size-large is-resized has-custom-border nfd-wb-animate nfd-wb-reveal-right nfd-delay-450\"><img data-recalc-dims=\"1\" decoding=\"async\" width=\"1024\" height=\"683\" loading=\"lazy\" src=\"https:\/\/i0.wp.com\/raulmorenoyague.com\/wp-content\/uploads\/2024\/01\/Jerez-1.jpg?resize=1024%2C683&#038;ssl=1\" alt=\"\" class=\"wp-image-89\" style=\"border-radius:4px;aspect-ratio:16\/9;object-fit:cover;width:1200px;height:undefinedpx\" srcset=\"https:\/\/i0.wp.com\/raulmorenoyague.com\/wp-content\/uploads\/2024\/01\/Jerez-1-scaled.jpg?resize=1024%2C683&amp;ssl=1 1024w, https:\/\/i0.wp.com\/raulmorenoyague.com\/wp-content\/uploads\/2024\/01\/Jerez-1-scaled.jpg?resize=300%2C200&amp;ssl=1 300w, https:\/\/i0.wp.com\/raulmorenoyague.com\/wp-content\/uploads\/2024\/01\/Jerez-1-scaled.jpg?resize=768%2C512&amp;ssl=1 768w, https:\/\/i0.wp.com\/raulmorenoyague.com\/wp-content\/uploads\/2024\/01\/Jerez-1-scaled.jpg?resize=1536%2C1024&amp;ssl=1 1536w, https:\/\/i0.wp.com\/raulmorenoyague.com\/wp-content\/uploads\/2024\/01\/Jerez-1-scaled.jpg?resize=2048%2C1365&amp;ssl=1 2048w, https:\/\/i0.wp.com\/raulmorenoyague.com\/wp-content\/uploads\/2024\/01\/Jerez-1-scaled.jpg?w=2400&amp;ssl=1 2400w\" sizes=\"auto, (max-width: 1024px) 100vw, 1024px\" \/><\/figure>\n<\/div><\/div><\/div>\n\n\n\n<div style=\"height:20px\" aria-hidden=\"true\" class=\"wp-block-spacer\"><\/div>\n\n\n\n<p class=\"has-text-align-center\">Bienvenido a Ra\u00fal Moreno Wines Consulting, donde la pasi\u00f3n por la elaboraci\u00f3n del vino se combina con d\u00e9cadas de experiencia. Como en\u00f3logo y viticultor experimentado, ofrezco servicios de consultor\u00eda personalizados para mejorar la calidad del vino y mejorar las pr\u00e1cticas vitivin\u00edcolas.<\/p>\n\n\n\n<p class=\"has-text-align-center\"> Con experiencia como sumiller de \u00e9xito, mi viaje en la elaboraci\u00f3n del vino comenz\u00f3 con la visi\u00f3n de ayudar a otros a elaborar vinos excepcionales. Comenc\u00e9 este negocio de consultor\u00eda para compartir mi experiencia, guiando a los en\u00f3logos hacia la producci\u00f3n de vinos que reflejen el verdadero potencial de sus uvas.<\/p>\n\n\n\n<div class=\"wp-block-columns is-layout-flex wp-container-core-columns-is-layout-9d6595d7 wp-block-columns-is-layout-flex\">\n<div class=\"wp-block-column is-layout-flow wp-block-column-is-layout-flow\">\n<div class=\"is-light wp-block-cover\" style=\"min-height:342px;aspect-ratio:unset;\"><span aria-hidden=\"true\" class=\"wp-block-cover__background has-nv-light-bg-background-color has-background-dim-100 has-background-dim\"><\/span><div class=\"wp-block-cover__inner-container is-layout-flow wp-block-cover-is-layout-flow\">\n<h3 class=\"wp-block-heading has-text-align-center has-neve-text-color-color has-text-color\"><strong>CONSULTOR\u00cdA INTEGRAL ENOL\u00d3GICA<\/strong><\/h3>\n\n\n\n<p class=\"has-text-align-center has-neve-text-color-color has-text-color\">Emb\u00e1rquese en un viaje de excelencia con nuestros servicios integrales de consultor\u00eda enol\u00f3gica. Desde la selecci\u00f3n de uvas hasta la fermentaci\u00f3n y el envejecimiento, ofrezco orientaci\u00f3n en cada paso para garantizar vinos de la m\u00e1s alta calidad. Ya sea que est\u00e9 iniciando un nuevo proyecto o perfeccionando uno existente, trabajaremos juntos para obtener el mejor resultado posible.<\/p>\n<\/div><\/div>\n<\/div>\n\n\n\n<div class=\"wp-block-column is-layout-flow wp-block-column-is-layout-flow\">\n<div class=\"is-light wp-block-cover\" style=\"min-height:342px;aspect-ratio:unset;\"><span aria-hidden=\"true\" class=\"wp-block-cover__background has-nv-light-bg-background-color has-background-dim-100 has-background-dim\"><\/span><div class=\"wp-block-cover__inner-container is-layout-flow wp-block-cover-is-layout-flow\">\n<h3 class=\"wp-block-heading has-text-align-center has-neve-text-color-color has-text-color\"><strong>SERVICIOS DE VITICULTURA<\/strong><\/h3>\n\n\n\n<p class=\"has-text-align-center\">Mejore sus pr\u00e1cticas vitivin\u00edcolas con nuestros servicios especializados en viticultura. Me especializo en guiar vi\u00f1edos hacia <strong>agricultura sostenible y organica <\/strong>, desde evaluaciones de la salud del suelo hasta la implementaci\u00f3n de pr\u00e1cticas org\u00e1nicas.<\/p>\n<\/div><\/div>\n<\/div>\n<\/div>\n\n\n\n<div class=\"wp-block-columns is-layout-flex wp-container-core-columns-is-layout-9d6595d7 wp-block-columns-is-layout-flex\">\n<div class=\"wp-block-column is-layout-flow wp-block-column-is-layout-flow\">\n<div class=\"is-light wp-block-cover\" style=\"min-height:300px;aspect-ratio:unset;\"><span aria-hidden=\"true\" class=\"wp-block-cover__background has-nv-light-bg-background-color has-background-dim-100 has-background-dim\"><\/span><div class=\"wp-block-cover__inner-container is-layout-flow wp-block-cover-is-layout-flow\">\n<h3 class=\"wp-block-heading has-text-align-center has-neve-text-color-color has-text-color\"><strong>MEZCLA<\/strong><\/h3>\n\n\n\n<p class=\"has-text-align-center has-neve-text-color-color has-text-color\">Perfeccione el arte de la mezcla de vinos con nuestros servicios personalizados. Ya sea que necesite ayuda para armonizar diferentes variedades de uva o refinar el perfil de sabor final de su vino, aporto un enfoque meticuloso para crear mezclas que cautiven los sentidos.<\/p>\n<\/div><\/div>\n<\/div>\n\n\n\n<div class=\"wp-block-column is-layout-flow wp-block-column-is-layout-flow\">\n<div class=\"is-light wp-block-cover\" style=\"min-height:300px;aspect-ratio:unset;\"><span aria-hidden=\"true\" class=\"wp-block-cover__background has-nv-light-bg-background-color has-background-dim-100 has-background-dim\"><\/span><div class=\"wp-block-cover__inner-container is-layout-flow wp-block-cover-is-layout-flow\">\n<h3 class=\"wp-block-heading has-text-align-center has-neve-text-color-color has-text-color\"><strong>RESOLUCI\u00d3N DE PROBLEMAS \/ FORMACI\u00d3N<\/strong><\/h3>\n\n\n\n<p class=\"has-text-align-center\">Nuestros servicios integrales de consultor\u00eda abordan los desaf\u00edos posteriores al embotellado con confianza. Si encuentra problemas como fallas o inconsistencias en sus vinos embotellados, mi experiencia est\u00e1 aqu\u00ed para guiarlo. Solucionaremos problemas y nos aseguraremos de que sus vinos cumplan con los m\u00e1s altos est\u00e1ndares.<\/p>\n<\/div><\/div>\n<\/div>\n<\/div>\n\n\n\n<p class=\"\"><strong>Complete el formulario de contacto y te responderemos pronto. <\/strong><\/p>\n\n\n\n<div class=\"nfd-p-lg nfd-wb-forms__form-1 wp-block-group\"><div class=\"wp-block-group__inner-container is-layout-constrained wp-container-core-group-is-layout-3e296035 wp-block-group-is-layout-constrained\"><div class=\"wp-block-jetpack-contact-form is-style-default nfd-jp-form\"><a href=\"https:\/\/raulmorenoyague.com\/es\/services-6\/\" target=\"_blank\" rel=\"noopener noreferrer\">Env\u00eda un formulario.<\/a><\/div><\/div><\/div>\n\n\n\n<p class=\"\">Al enviar este formulario<\/p>","protected":false},"excerpt":{"rendered":"<p>Servicios de consultor\u00eda. Bienvenido a Ra\u00fal Moreno Wines Consulting, donde la pasi\u00f3n por la vinificaci\u00f3n se une a d\u00e9cadas de experiencia. Como en\u00f3logo y viticultor experimentado, ofrezco servicios de consultor\u00eda personalizados para mejorar la calidad del vino y optimizar las pr\u00e1cticas en el vi\u00f1edo. Con una trayectoria como sommelier de \u00e9xito, mi trayectoria en el mundo de la vinificaci\u00f3n comenz\u00f3 con la visi\u00f3n de ayudar a otros a crear\u2026&nbsp;<a href=\"https:\/\/raulmorenoyague.com\/es\/services-6\/\" rel=\"bookmark\">Leer m\u00e1s \u00bb<span class=\"screen-reader-text\">Servicios de consultor\u00eda<\/span><\/a><\/p>","protected":false},"author":1,"featured_media":0,"parent":0,"menu_order":0,"comment_status":"closed","ping_status":"closed","template":"","meta":{"nf_dc_page":"","om_disable_all_campaigns":false,"neve_meta_sidebar":"full-width","neve_meta_container":"contained","neve_meta_enable_content_width":"on","neve_meta_content_width":100,"neve_meta_title_alignment":"","neve_meta_author_avatar":"","neve_post_elements_order":"","neve_meta_disable_header":"","neve_meta_disable_footer":"","neve_meta_disable_title":"on","footnotes":""},"class_list":["post-252","page","type-page","status-publish","hentry"],"yoast_head":"<!-- This site is optimized with the Yoast SEO plugin v27.4 - https:\/\/yoast.com\/product\/yoast-seo-wordpress\/ -->\n<title>Consulting services - Raul Moreno Wines<\/title>\n<meta name=\"robots\" content=\"index, follow, max-snippet:-1, max-image-preview:large, max-video-preview:-1\" \/>\n<link rel=\"canonical\" href=\"https:\/\/raulmorenoyague.com\/es\/services-6\/\" \/>\n<meta property=\"og:locale\" content=\"es_ES\" \/>\n<meta property=\"og:type\" content=\"article\" \/>\n<meta property=\"og:title\" content=\"Consulting services - Raul Moreno Wines\" \/>\n<meta property=\"og:description\" content=\"Consulting services Welcome to Ra\u00fal Moreno Wines Consulting, where passion for winemaking meets decades of expertise. As a experienced winemaker and viticulturist, I offer personalised consulting services to enhance wine quality and elevate vineyard practices. With a background as a successful sommelier, my journey in winemaking began with a vision to assist others in crafting&hellip;&nbsp;Leer m\u00e1s &raquo;Consulting services\" \/>\n<meta property=\"og:url\" content=\"https:\/\/raulmorenoyague.com\/es\/services-6\/\" \/>\n<meta property=\"og:site_name\" content=\"Raul Moreno Wines\" \/>\n<meta property=\"article:modified_time\" content=\"2025-08-28T22:16:28+00:00\" \/>\n<meta property=\"og:image\" content=\"https:\/\/raulmorenoyague.com\/wp-content\/uploads\/2024\/01\/Jerez-1-1024x683.jpg\" \/>\n<meta name=\"twitter:card\" content=\"summary_large_image\" \/>\n<meta name=\"twitter:label1\" content=\"Tiempo de lectura\" \/>\n\t<meta name=\"twitter:data1\" content=\"2 minutos\" \/>\n<script type=\"application\/ld+json\" class=\"yoast-schema-graph\">{\"@context\":\"https:\\\/\\\/schema.org\",\"@graph\":[{\"@type\":\"WebPage\",\"@id\":\"https:\\\/\\\/raulmorenoyague.com\\\/services-6\\\/\",\"url\":\"https:\\\/\\\/raulmorenoyague.com\\\/services-6\\\/\",\"name\":\"Consulting services - Raul Moreno Wines\",\"isPartOf\":{\"@id\":\"https:\\\/\\\/raulmorenoyague.com\\\/#website\"},\"primaryImageOfPage\":{\"@id\":\"https:\\\/\\\/raulmorenoyague.com\\\/services-6\\\/#primaryimage\"},\"image\":{\"@id\":\"https:\\\/\\\/raulmorenoyague.com\\\/services-6\\\/#primaryimage\"},\"thumbnailUrl\":\"https:\\\/\\\/raulmorenoyague.com\\\/wp-content\\\/uploads\\\/2024\\\/01\\\/Jerez-1-1024x683.jpg\",\"datePublished\":\"2024-01-25T10:18:33+00:00\",\"dateModified\":\"2025-08-28T22:16:28+00:00\",\"breadcrumb\":{\"@id\":\"https:\\\/\\\/raulmorenoyague.com\\\/services-6\\\/#breadcrumb\"},\"inLanguage\":\"es\",\"potentialAction\":[{\"@type\":\"ReadAction\",\"target\":[\"https:\\\/\\\/raulmorenoyague.com\\\/services-6\\\/\"]}]},{\"@type\":\"ImageObject\",\"inLanguage\":\"es\",\"@id\":\"https:\\\/\\\/raulmorenoyague.com\\\/services-6\\\/#primaryimage\",\"url\":\"https:\\\/\\\/raulmorenoyague.com\\\/wp-content\\\/uploads\\\/2024\\\/01\\\/Jerez-1-1024x683.jpg\",\"contentUrl\":\"https:\\\/\\\/raulmorenoyague.com\\\/wp-content\\\/uploads\\\/2024\\\/01\\\/Jerez-1-1024x683.jpg\"},{\"@type\":\"BreadcrumbList\",\"@id\":\"https:\\\/\\\/raulmorenoyague.com\\\/services-6\\\/#breadcrumb\",\"itemListElement\":[{\"@type\":\"ListItem\",\"position\":1,\"name\":\"Home\",\"item\":\"https:\\\/\\\/raulmorenoyague.com\\\/\"},{\"@type\":\"ListItem\",\"position\":2,\"name\":\"Consulting services\"}]},{\"@type\":\"WebSite\",\"@id\":\"https:\\\/\\\/raulmorenoyague.com\\\/#website\",\"url\":\"https:\\\/\\\/raulmorenoyague.com\\\/\",\"name\":\"Raul Moreno Wines\",\"description\":\"Vinos Audaces. Andalucia\",\"publisher\":{\"@id\":\"https:\\\/\\\/raulmorenoyague.com\\\/#organization\"},\"potentialAction\":[{\"@type\":\"SearchAction\",\"target\":{\"@type\":\"EntryPoint\",\"urlTemplate\":\"https:\\\/\\\/raulmorenoyague.com\\\/?s={search_term_string}\"},\"query-input\":{\"@type\":\"PropertyValueSpecification\",\"valueRequired\":true,\"valueName\":\"search_term_string\"}}],\"inLanguage\":\"es\"},{\"@type\":\"Organization\",\"@id\":\"https:\\\/\\\/raulmorenoyague.com\\\/#organization\",\"name\":\"Raul Moreno Wines\",\"url\":\"https:\\\/\\\/raulmorenoyague.com\\\/\",\"logo\":{\"@type\":\"ImageObject\",\"inLanguage\":\"es\",\"@id\":\"https:\\\/\\\/raulmorenoyague.com\\\/#\\\/schema\\\/logo\\\/image\\\/\",\"url\":\"\",\"contentUrl\":\"\",\"caption\":\"Raul Moreno Wines\"},\"image\":{\"@id\":\"https:\\\/\\\/raulmorenoyague.com\\\/#\\\/schema\\\/logo\\\/image\\\/\"}}]}<\/script>\n<!-- \/ Yoast SEO plugin. -->","yoast_head_json":{"title":"Servicios de consultor\u00eda - Raul Moreno Wines","robots":{"index":"index","follow":"follow","max-snippet":"max-snippet:-1","max-image-preview":"max-image-preview:large","max-video-preview":"max-video-preview:-1"},"canonical":"https:\/\/raulmorenoyague.com\/es\/services-6\/","og_locale":"es_ES","og_type":"article","og_title":"Consulting services - Raul Moreno Wines","og_description":"Consulting services Welcome to Ra\u00fal Moreno Wines Consulting, where passion for winemaking meets decades of expertise. As a experienced winemaker and viticulturist, I offer personalised consulting services to enhance wine quality and elevate vineyard practices. With a background as a successful sommelier, my journey in winemaking began with a vision to assist others in crafting&hellip;&nbsp;Leer m\u00e1s &raquo;Consulting services","og_url":"https:\/\/raulmorenoyague.com\/es\/services-6\/","og_site_name":"Raul Moreno Wines","article_modified_time":"2025-08-28T22:16:28+00:00","og_image":[{"url":"https:\/\/raulmorenoyague.com\/wp-content\/uploads\/2024\/01\/Jerez-1-1024x683.jpg","type":"","width":"","height":""}],"twitter_card":"summary_large_image","twitter_misc":{"Tiempo de lectura":"2 minutos"},"schema":{"@context":"https:\/\/schema.org","@graph":[{"@type":"WebPage","@id":"https:\/\/raulmorenoyague.com\/services-6\/","url":"https:\/\/raulmorenoyague.com\/services-6\/","name":"Servicios de consultor\u00eda - Raul Moreno Wines","isPartOf":{"@id":"https:\/\/raulmorenoyague.com\/#website"},"primaryImageOfPage":{"@id":"https:\/\/raulmorenoyague.com\/services-6\/#primaryimage"},"image":{"@id":"https:\/\/raulmorenoyague.com\/services-6\/#primaryimage"},"thumbnailUrl":"https:\/\/raulmorenoyague.com\/wp-content\/uploads\/2024\/01\/Jerez-1-1024x683.jpg","datePublished":"2024-01-25T10:18:33+00:00","dateModified":"2025-08-28T22:16:28+00:00","breadcrumb":{"@id":"https:\/\/raulmorenoyague.com\/services-6\/#breadcrumb"},"inLanguage":"es","potentialAction":[{"@type":"ReadAction","target":["https:\/\/raulmorenoyague.com\/services-6\/"]}]},{"@type":"ImageObject","inLanguage":"es","@id":"https:\/\/raulmorenoyague.com\/services-6\/#primaryimage","url":"https:\/\/raulmorenoyague.com\/wp-content\/uploads\/2024\/01\/Jerez-1-1024x683.jpg","contentUrl":"https:\/\/raulmorenoyague.com\/wp-content\/uploads\/2024\/01\/Jerez-1-1024x683.jpg"},{"@type":"BreadcrumbList","@id":"https:\/\/raulmorenoyague.com\/services-6\/#breadcrumb","itemListElement":[{"@type":"ListItem","position":1,"name":"Home","item":"https:\/\/raulmorenoyague.com\/"},{"@type":"ListItem","position":2,"name":"Consulting services"}]},{"@type":"WebSite","@id":"https:\/\/raulmorenoyague.com\/#website","url":"https:\/\/raulmorenoyague.com\/","name":"Vinos Ra\u00fal Moreno","description":"Vinos Audaces. Andaluc\u00eda","publisher":{"@id":"https:\/\/raulmorenoyague.com\/#organization"},"potentialAction":[{"@type":"SearchAction","target":{"@type":"EntryPoint","urlTemplate":"https:\/\/raulmorenoyague.com\/?s={search_term_string}"},"query-input":{"@type":"PropertyValueSpecification","valueRequired":true,"valueName":"search_term_string"}}],"inLanguage":"es"},{"@type":"Organization","@id":"https:\/\/raulmorenoyague.com\/#organization","name":"Vinos Ra\u00fal Moreno","url":"https:\/\/raulmorenoyague.com\/","logo":{"@type":"ImageObject","inLanguage":"es","@id":"https:\/\/raulmorenoyague.com\/#\/schema\/logo\/image\/","url":"","contentUrl":"","caption":"Raul Moreno Wines"},"image":{"@id":"https:\/\/raulmorenoyague.com\/#\/schema\/logo\/image\/"}}]}},"jetpack_sharing_enabled":true,"_links":{"self":[{"href":"https:\/\/raulmorenoyague.com\/es\/wp-json\/wp\/v2\/pages\/252","targetHints":{"allow":["GET"]}}],"collection":[{"href":"https:\/\/raulmorenoyague.com\/es\/wp-json\/wp\/v2\/pages"}],"about":[{"href":"https:\/\/raulmorenoyague.com\/es\/wp-json\/wp\/v2\/types\/page"}],"author":[{"embeddable":true,"href":"https:\/\/raulmorenoyague.com\/es\/wp-json\/wp\/v2\/users\/1"}],"replies":[{"embeddable":true,"href":"https:\/\/raulmorenoyague.com\/es\/wp-json\/wp\/v2\/comments?post=252"}],"version-history":[{"count":4,"href":"https:\/\/raulmorenoyague.com\/es\/wp-json\/wp\/v2\/pages\/252\/revisions"}],"predecessor-version":[{"id":1064,"href":"https:\/\/raulmorenoyague.com\/es\/wp-json\/wp\/v2\/pages\/252\/revisions\/1064"}],"wp:attachment":[{"href":"https:\/\/raulmorenoyague.com\/es\/wp-json\/wp\/v2\/media?parent=252"}],"curies":[{"name":"gracias","href":"https:\/\/api.w.org\/{rel}","templated":true}]}}