{"id":1027,"date":"2025-08-28T02:21:21","date_gmt":"2025-08-28T00:21:21","guid":{"rendered":"https:\/\/raulmorenoyague.com\/?page_id=1027"},"modified":"2025-10-30T12:57:02","modified_gmt":"2025-10-30T11:57:02","slug":"vitialert-app","status":"publish","type":"page","link":"https:\/\/raulmorenoyague.com\/es\/vitialert-app\/","title":{"rendered":"Aplicaci\u00f3n VitiAlert"},"content":{"rendered":"<div style=\"height:20px\" aria-hidden=\"true\" class=\"wp-block-spacer\"><\/div>\n\n\n\n<div class=\"nfd-container nfd-my-0 nfd-p-0 nfd-bg-gray-800 wp-block-group alignfull has-text-color has-background\" id=\"intro\" style=\"color:#f0a375;background-color:#1a431d\"><div class=\"wp-block-group__inner-container is-layout-flow wp-block-group-is-layout-flow\">\n<div class=\"nfd-my-0 nfd-p-lg wp-block-group alignwide\"><div class=\"wp-block-group__inner-container is-layout-flow wp-block-group-is-layout-flow\">\n<div class=\"wp-block-group nfd-wb-animate nfd-wb-fade-in-bottom\"><div class=\"wp-block-group__inner-container is-layout-constrained wp-block-group-is-layout-constrained\">\n<h1 class=\"nfd-text-giga nfd-text-current md:nfd-no-br wp-block-heading has-text-align-center has-neve-link-color-color has-text-color has-link-color wp-elements-823ee0f79208107c4ac05fd08d68c7c2\">An\u00e1lisis instant\u00e1neo de hojas de vid <\/h1>\n<\/div><\/div>\n<\/div><\/div>\n\n\n<div class=\"wp-block-image\">\n<figure class=\"aligncenter size-large is-resized has-custom-border nfd-wb-animate nfd-wb-reveal-right nfd-delay-450\"><img data-recalc-dims=\"1\" decoding=\"async\" width=\"1024\" height=\"683\" loading=\"lazy\" src=\"https:\/\/i0.wp.com\/raulmorenoyague.com\/wp-content\/uploads\/2024\/01\/Sanlucar.jpg?resize=1024%2C683&#038;ssl=1\" alt=\"Sanl\u00facar de Barramedas\" class=\"wp-image-17\" style=\"border-radius:4px;aspect-ratio:16\/9;object-fit:cover;width:1200px;height:undefinedpx\" srcset=\"https:\/\/i0.wp.com\/raulmorenoyague.com\/wp-content\/uploads\/2024\/01\/Sanlucar-scaled.jpg?resize=1024%2C683&amp;ssl=1 1024w, https:\/\/i0.wp.com\/raulmorenoyague.com\/wp-content\/uploads\/2024\/01\/Sanlucar-scaled.jpg?resize=300%2C200&amp;ssl=1 300w, https:\/\/i0.wp.com\/raulmorenoyague.com\/wp-content\/uploads\/2024\/01\/Sanlucar-scaled.jpg?resize=768%2C512&amp;ssl=1 768w, https:\/\/i0.wp.com\/raulmorenoyague.com\/wp-content\/uploads\/2024\/01\/Sanlucar-scaled.jpg?resize=1536%2C1024&amp;ssl=1 1536w, https:\/\/i0.wp.com\/raulmorenoyague.com\/wp-content\/uploads\/2024\/01\/Sanlucar-scaled.jpg?resize=2048%2C1365&amp;ssl=1 2048w, https:\/\/i0.wp.com\/raulmorenoyague.com\/wp-content\/uploads\/2024\/01\/Sanlucar-scaled.jpg?w=2400&amp;ssl=1 2400w\" sizes=\"auto, (max-width: 1024px) 100vw, 1024px\" \/><\/figure>\n<\/div><\/div><\/div>\n\n\n\n<p class=\"\"><\/p>\n\n\n\n<p class=\"\"><\/p>\n\n\n\n<h2 class=\"wp-block-heading has-text-align-center has-neve-link-color-color has-text-color has-link-color wp-elements-eb6db00dcd1e85921b3bdca27f133ded\"><strong>VitiAlert (Acceso anticipado)<\/strong><\/h2>\n\n\n\n<h3 class=\"wp-block-heading has-text-align-center has-neve-text-color-color has-text-color has-link-color wp-elements-aa3b7373eb7722a7e75741e4db74839b\"><em>An\u00e1lisis instant\u00e1neo de hojas de uva, creado por viticultores para viticultores<\/em><\/h3>\n\n\n\n<p class=\"\">En WSL, somos viticultores y en\u00f3logos que estamos expandiendo nuestro negocio hacia soluciones inteligentes para la viticultura. VitiCare se dise\u00f1\u00f3 para brindar a otros viticultores informaci\u00f3n instant\u00e1nea sobre la salud de las hojas de la vid. Simplemente suba una foto para recibir un an\u00e1lisis preliminar inmediato de posibles problemas.<\/p>\n\n\n\n<p class=\"has-text-align-center\"><em> Esta herramienta es parte de un proyecto de investigaci\u00f3n en curso y se ha desarrollado utilizando recursos computacionales proporcionados por EuroHPC Joint Undertaking, en MareNostrum5, BSC, Espa\u00f1a.<\/em><\/p>\n\n\n\n<h3 class=\"wp-block-heading has-text-align-center has-nv-c-2-color has-text-color has-link-color wp-elements-c59c7ce75fb5b1c10a70d564e28bf899\"><strong>Beneficios <\/strong><\/h3>\n\n\n\n<ul class=\"wp-block-list\">\n<li class=\"\"><strong>Resultados en segundos<\/strong>&nbsp;\u2013 an\u00e1lisis preliminar instant\u00e1neo, directamente desde el campo.<\/li>\n\n\n\n<li class=\"\"><strong>Deteci\u00f3n temprana<\/strong>&nbsp;\u2013 identifica posibles incidencias antes de que se propaguen.<\/li>\n\n\n\n<li class=\"\"><strong>Ahorro de tiempo y recursos<\/strong>&nbsp;\u2013 decisiones informadas con mayor agilidad.<\/li>\n\n\n\n<li class=\"\"><strong>Acceso desde cualquier lugar<\/strong>&nbsp;\u2013 utilizala desde cualquier dispositivo con conexi\u00f3n a Internet.<\/li>\n<\/ul>\n\n\n\n<h3 class=\"wp-block-heading has-text-align-center has-nv-c-2-color has-text-color has-link-color wp-elements-921d0685758c5b366459f8eb88323f4c\"><strong>Una herramienta de orientaci\u00f3n<\/strong><\/h3>\n\n\n\n<p class=\"has-text-align-center\">VitiAlert proporciona orientaci\u00f3n preliminar basada en an\u00e1lisis de im\u00e1genes avanzados para guiar sus decisiones de campo.<\/p>\n\n\n\n<p class=\"has-text-align-center\"><em><strong>Confirme siempre los resultados con especialistas cualificados antes de tomar decisiones de tratamiento.<br><\/strong><\/em><\/p>\n\n\n\n<h3 class=\"wp-block-heading has-text-align-center has-nv-c-2-color has-text-color has-link-color wp-elements-d309f2592af8968196930c1f8e219543\"><strong>Tu privacidad es importante<\/strong><\/h3>\n\n\n\n<p class=\"has-text-align-center\">Tus im\u00e1genes se analizan al instante y nunca se almacenan en nuestros servidores. <\/p>\n\n\n\n<p class=\"has-text-align-center\"><em><strong>Tus datos siguen siendo tuyos.<\/strong><\/em><\/p>\n\n\n\n<h3 class=\"wp-block-heading has-text-align-center has-nv-c-2-color has-text-color has-link-color wp-elements-e8a384fd3367a4485b893ed65341144c\"><strong>C\u00f3mo funciona<\/strong><\/h3>\n\n\n\n<div class=\"wp-block-group alignwide is-layout-grid wp-container-core-group-is-layout-9649a0d9 wp-block-group-is-layout-grid\">\n<p class=\"has-nv-light-bg-background-color has-background\"><strong>1. Toma o elige una foto <\/strong><br>Captura o seleccione una imagen n\u00edtida y de primer plano de una sola hoja de vid sobre un fondo liso.<br><\/p>\n\n\n\n<p class=\"has-nv-light-bg-background-color has-background\"><strong>2. Sube tu imagen <\/strong><br>Haga clic o arrastra tu foto en el cuadro de carga.<\/p>\n\n\n\n<p class=\"has-nv-light-bg-background-color has-background\"><strong>3. Enviar o borrar <\/strong><br>Despu\u00e9s de cargar, despl\u00e1zate hacia abajo dentro del cuadro para presionar ENVIAR o BORRAR si lo necesitas.<br><\/p>\n\n\n\n<p class=\"has-nv-light-bg-background-color has-background\"><strong>4. Ver tus resultados <\/strong><br>Despl\u00e1zate hacia abajo dentro del cuadro para consultar el an\u00e1lisis.<\/p>\n<\/div>\n\n\n\n<p class=\"\"><\/p>\n\n\n\n<div class=\"wp-block-columns is-layout-flex wp-container-core-columns-is-layout-9d6595d7 wp-block-columns-is-layout-flex\">\n<div class=\"wp-block-column is-layout-flow wp-block-column-is-layout-flow\">\n<iframe\n\tsrc=\"https:\/\/wsline-viticare-app.hf.space\"\n\tframeborder=\"0\"\n\twidth=\"100%\"\n\theight=\"800px\"\n        style=\"border: 1px solid #ccc; border-radius: 8px;\">\n><\/iframe>\n<\/div>\n<\/div>\n\n\n\n<div class=\"wp-block-columns is-layout-flex wp-container-core-columns-is-layout-9d6595d7 wp-block-columns-is-layout-flex\">\n<div class=\"wp-block-column is-layout-flow wp-block-column-is-layout-flow\">\n<h3 class=\"wp-block-heading has-text-align-center has-nv-c-2-color has-text-color has-link-color wp-elements-fe702b78a2904636adb17dd605bc7225\"><strong>Soporte experto disponible<\/strong><\/h3>\n\n\n\n<p class=\"has-text-align-center\">\u00bfTienes preguntas sobre tu an\u00e1lisis? Estamos aqu\u00ed para ayudarte. Completa el formulario a continuaci\u00f3n para recibir asesoramiento personalizado.<\/p>\n<\/div>\n<\/div>\n\n\n\n<div class=\"nfd-p-lg nfd-wb-forms__form-1 wp-block-group\"><div class=\"wp-block-group__inner-container is-layout-constrained wp-container-core-group-is-layout-3e296035 wp-block-group-is-layout-constrained\"><div class=\"wp-block-jetpack-contact-form is-style-default nfd-jp-form\"><a href=\"https:\/\/raulmorenoyague.com\/es\/vitialert-app\/\" target=\"_blank\" rel=\"noopener noreferrer\">Env\u00eda un formulario.<\/a><\/div><\/div><\/div>\n\n\n\n<p class=\"\"><\/p>","protected":false},"excerpt":{"rendered":"<p>Instant Grape Leaf Analysis VitiAlert Early Access Instant grape leaf analysis, built by growers for growers At WSL, we are winemakers and grape growers expanding our business into smart viticulture solutions. VitiCare was designed to give fellow growers instant insights into grapevine leaf health. Simply upload a photo to receive immediate, preliminary analysis of potential&hellip;&nbsp;<a href=\"https:\/\/raulmorenoyague.com\/es\/vitialert-app\/\" rel=\"bookmark\">Leer m\u00e1s \u00bb<span class=\"screen-reader-text\">Aplicaci\u00f3n VitiAlert<\/span><\/a><\/p>","protected":false},"author":1,"featured_media":0,"parent":0,"menu_order":0,"comment_status":"closed","ping_status":"closed","template":"","meta":{"nf_dc_page":"","om_disable_all_campaigns":false,"neve_meta_sidebar":"full-width","neve_meta_container":"contained","neve_meta_enable_content_width":"on","neve_meta_content_width":100,"neve_meta_title_alignment":"","neve_meta_author_avatar":"","neve_post_elements_order":"","neve_meta_disable_header":"","neve_meta_disable_footer":"","neve_meta_disable_title":"on","footnotes":""},"class_list":["post-1027","page","type-page","status-publish","hentry"],"yoast_head":"<!-- This site is optimized with the Yoast SEO plugin v27.4 - https:\/\/yoast.com\/product\/yoast-seo-wordpress\/ -->\n<title>VitiAlert-App - Raul Moreno Wines<\/title>\n<meta name=\"robots\" content=\"index, follow, max-snippet:-1, max-image-preview:large, max-video-preview:-1\" \/>\n<link rel=\"canonical\" href=\"https:\/\/raulmorenoyague.com\/es\/vitialert-app\/\" \/>\n<meta property=\"og:locale\" content=\"es_ES\" \/>\n<meta property=\"og:type\" content=\"article\" \/>\n<meta property=\"og:title\" content=\"VitiAlert-App - Raul Moreno Wines\" \/>\n<meta property=\"og:description\" content=\"Instant Grape Leaf Analysis VitiAlert Early Access Instant grape leaf analysis, built by growers for growers At WSL, we are winemakers and grape growers expanding our business into smart viticulture solutions. VitiCare was designed to give fellow growers instant insights into grapevine leaf health. Simply upload a photo to receive immediate, preliminary analysis of potential&hellip;&nbsp;Leer m\u00e1s &raquo;VitiAlert-App\" \/>\n<meta property=\"og:url\" content=\"https:\/\/raulmorenoyague.com\/es\/vitialert-app\/\" \/>\n<meta property=\"og:site_name\" content=\"Raul Moreno Wines\" \/>\n<meta property=\"article:modified_time\" content=\"2025-10-30T11:57:02+00:00\" \/>\n<meta property=\"og:image\" content=\"https:\/\/raulmorenoyague.com\/wp-content\/uploads\/2024\/01\/Sanlucar-1024x683.jpg\" \/>\n<meta name=\"twitter:card\" content=\"summary_large_image\" \/>\n<meta name=\"twitter:label1\" content=\"Tiempo de lectura\" \/>\n\t<meta name=\"twitter:data1\" content=\"2 minutos\" \/>\n<script type=\"application\/ld+json\" class=\"yoast-schema-graph\">{\"@context\":\"https:\\\/\\\/schema.org\",\"@graph\":[{\"@type\":\"WebPage\",\"@id\":\"https:\\\/\\\/raulmorenoyague.com\\\/vitialert-app\\\/\",\"url\":\"https:\\\/\\\/raulmorenoyague.com\\\/vitialert-app\\\/\",\"name\":\"VitiAlert-App - Raul Moreno Wines\",\"isPartOf\":{\"@id\":\"https:\\\/\\\/raulmorenoyague.com\\\/#website\"},\"primaryImageOfPage\":{\"@id\":\"https:\\\/\\\/raulmorenoyague.com\\\/vitialert-app\\\/#primaryimage\"},\"image\":{\"@id\":\"https:\\\/\\\/raulmorenoyague.com\\\/vitialert-app\\\/#primaryimage\"},\"thumbnailUrl\":\"https:\\\/\\\/raulmorenoyague.com\\\/wp-content\\\/uploads\\\/2024\\\/01\\\/Sanlucar-1024x683.jpg\",\"datePublished\":\"2025-08-28T00:21:21+00:00\",\"dateModified\":\"2025-10-30T11:57:02+00:00\",\"breadcrumb\":{\"@id\":\"https:\\\/\\\/raulmorenoyague.com\\\/vitialert-app\\\/#breadcrumb\"},\"inLanguage\":\"es\",\"potentialAction\":[{\"@type\":\"ReadAction\",\"target\":[\"https:\\\/\\\/raulmorenoyague.com\\\/vitialert-app\\\/\"]}]},{\"@type\":\"ImageObject\",\"inLanguage\":\"es\",\"@id\":\"https:\\\/\\\/raulmorenoyague.com\\\/vitialert-app\\\/#primaryimage\",\"url\":\"https:\\\/\\\/raulmorenoyague.com\\\/wp-content\\\/uploads\\\/2024\\\/01\\\/Sanlucar-1024x683.jpg\",\"contentUrl\":\"https:\\\/\\\/raulmorenoyague.com\\\/wp-content\\\/uploads\\\/2024\\\/01\\\/Sanlucar-1024x683.jpg\"},{\"@type\":\"BreadcrumbList\",\"@id\":\"https:\\\/\\\/raulmorenoyague.com\\\/vitialert-app\\\/#breadcrumb\",\"itemListElement\":[{\"@type\":\"ListItem\",\"position\":1,\"name\":\"Home\",\"item\":\"https:\\\/\\\/raulmorenoyague.com\\\/\"},{\"@type\":\"ListItem\",\"position\":2,\"name\":\"VitiAlert-App\"}]},{\"@type\":\"WebSite\",\"@id\":\"https:\\\/\\\/raulmorenoyague.com\\\/#website\",\"url\":\"https:\\\/\\\/raulmorenoyague.com\\\/\",\"name\":\"Raul Moreno Wines\",\"description\":\"Vinos Audaces. Andalucia\",\"publisher\":{\"@id\":\"https:\\\/\\\/raulmorenoyague.com\\\/#organization\"},\"potentialAction\":[{\"@type\":\"SearchAction\",\"target\":{\"@type\":\"EntryPoint\",\"urlTemplate\":\"https:\\\/\\\/raulmorenoyague.com\\\/?s={search_term_string}\"},\"query-input\":{\"@type\":\"PropertyValueSpecification\",\"valueRequired\":true,\"valueName\":\"search_term_string\"}}],\"inLanguage\":\"es\"},{\"@type\":\"Organization\",\"@id\":\"https:\\\/\\\/raulmorenoyague.com\\\/#organization\",\"name\":\"Raul Moreno Wines\",\"url\":\"https:\\\/\\\/raulmorenoyague.com\\\/\",\"logo\":{\"@type\":\"ImageObject\",\"inLanguage\":\"es\",\"@id\":\"https:\\\/\\\/raulmorenoyague.com\\\/#\\\/schema\\\/logo\\\/image\\\/\",\"url\":\"\",\"contentUrl\":\"\",\"caption\":\"Raul Moreno Wines\"},\"image\":{\"@id\":\"https:\\\/\\\/raulmorenoyague.com\\\/#\\\/schema\\\/logo\\\/image\\\/\"}}]}<\/script>\n<!-- \/ Yoast SEO plugin. -->","yoast_head_json":{"title":"VitiAlert-App - Raul Moreno Wines","robots":{"index":"index","follow":"follow","max-snippet":"max-snippet:-1","max-image-preview":"max-image-preview:large","max-video-preview":"max-video-preview:-1"},"canonical":"https:\/\/raulmorenoyague.com\/es\/vitialert-app\/","og_locale":"es_ES","og_type":"article","og_title":"VitiAlert-App - Raul Moreno Wines","og_description":"Instant Grape Leaf Analysis VitiAlert Early Access Instant grape leaf analysis, built by growers for growers At WSL, we are winemakers and grape growers expanding our business into smart viticulture solutions. VitiCare was designed to give fellow growers instant insights into grapevine leaf health. Simply upload a photo to receive immediate, preliminary analysis of potential&hellip;&nbsp;Leer m\u00e1s &raquo;VitiAlert-App","og_url":"https:\/\/raulmorenoyague.com\/es\/vitialert-app\/","og_site_name":"Raul Moreno Wines","article_modified_time":"2025-10-30T11:57:02+00:00","og_image":[{"url":"https:\/\/raulmorenoyague.com\/wp-content\/uploads\/2024\/01\/Sanlucar-1024x683.jpg","type":"","width":"","height":""}],"twitter_card":"summary_large_image","twitter_misc":{"Tiempo de lectura":"2 minutos"},"schema":{"@context":"https:\/\/schema.org","@graph":[{"@type":"WebPage","@id":"https:\/\/raulmorenoyague.com\/vitialert-app\/","url":"https:\/\/raulmorenoyague.com\/vitialert-app\/","name":"VitiAlert-App - Raul Moreno Wines","isPartOf":{"@id":"https:\/\/raulmorenoyague.com\/#website"},"primaryImageOfPage":{"@id":"https:\/\/raulmorenoyague.com\/vitialert-app\/#primaryimage"},"image":{"@id":"https:\/\/raulmorenoyague.com\/vitialert-app\/#primaryimage"},"thumbnailUrl":"https:\/\/raulmorenoyague.com\/wp-content\/uploads\/2024\/01\/Sanlucar-1024x683.jpg","datePublished":"2025-08-28T00:21:21+00:00","dateModified":"2025-10-30T11:57:02+00:00","breadcrumb":{"@id":"https:\/\/raulmorenoyague.com\/vitialert-app\/#breadcrumb"},"inLanguage":"es","potentialAction":[{"@type":"ReadAction","target":["https:\/\/raulmorenoyague.com\/vitialert-app\/"]}]},{"@type":"ImageObject","inLanguage":"es","@id":"https:\/\/raulmorenoyague.com\/vitialert-app\/#primaryimage","url":"https:\/\/raulmorenoyague.com\/wp-content\/uploads\/2024\/01\/Sanlucar-1024x683.jpg","contentUrl":"https:\/\/raulmorenoyague.com\/wp-content\/uploads\/2024\/01\/Sanlucar-1024x683.jpg"},{"@type":"BreadcrumbList","@id":"https:\/\/raulmorenoyague.com\/vitialert-app\/#breadcrumb","itemListElement":[{"@type":"ListItem","position":1,"name":"Home","item":"https:\/\/raulmorenoyague.com\/"},{"@type":"ListItem","position":2,"name":"VitiAlert-App"}]},{"@type":"WebSite","@id":"https:\/\/raulmorenoyague.com\/#website","url":"https:\/\/raulmorenoyague.com\/","name":"Vinos Ra\u00fal Moreno","description":"Vinos Audaces. Andaluc\u00eda","publisher":{"@id":"https:\/\/raulmorenoyague.com\/#organization"},"potentialAction":[{"@type":"SearchAction","target":{"@type":"EntryPoint","urlTemplate":"https:\/\/raulmorenoyague.com\/?s={search_term_string}"},"query-input":{"@type":"PropertyValueSpecification","valueRequired":true,"valueName":"search_term_string"}}],"inLanguage":"es"},{"@type":"Organization","@id":"https:\/\/raulmorenoyague.com\/#organization","name":"Vinos Ra\u00fal Moreno","url":"https:\/\/raulmorenoyague.com\/","logo":{"@type":"ImageObject","inLanguage":"es","@id":"https:\/\/raulmorenoyague.com\/#\/schema\/logo\/image\/","url":"","contentUrl":"","caption":"Raul Moreno Wines"},"image":{"@id":"https:\/\/raulmorenoyague.com\/#\/schema\/logo\/image\/"}}]}},"jetpack_sharing_enabled":true,"_links":{"self":[{"href":"https:\/\/raulmorenoyague.com\/es\/wp-json\/wp\/v2\/pages\/1027","targetHints":{"allow":["GET"]}}],"collection":[{"href":"https:\/\/raulmorenoyague.com\/es\/wp-json\/wp\/v2\/pages"}],"about":[{"href":"https:\/\/raulmorenoyague.com\/es\/wp-json\/wp\/v2\/types\/page"}],"author":[{"embeddable":true,"href":"https:\/\/raulmorenoyague.com\/es\/wp-json\/wp\/v2\/users\/1"}],"replies":[{"embeddable":true,"href":"https:\/\/raulmorenoyague.com\/es\/wp-json\/wp\/v2\/comments?post=1027"}],"version-history":[{"count":4,"href":"https:\/\/raulmorenoyague.com\/es\/wp-json\/wp\/v2\/pages\/1027\/revisions"}],"predecessor-version":[{"id":1165,"href":"https:\/\/raulmorenoyague.com\/es\/wp-json\/wp\/v2\/pages\/1027\/revisions\/1165"}],"wp:attachment":[{"href":"https:\/\/raulmorenoyague.com\/es\/wp-json\/wp\/v2\/media?parent=1027"}],"curies":[{"name":"gracias","href":"https:\/\/api.w.org\/{rel}","templated":true}]}}